{"id":831,"date":"2022-06-02T18:50:50","date_gmt":"2022-06-02T15:50:50","guid":{"rendered":"http:\/\/ukiport.fi\/?page_id=831"},"modified":"2025-02-15T22:43:00","modified_gmt":"2025-02-15T20:43:00","slug":"venepaikat","status":"publish","type":"page","link":"https:\/\/ukiport.fi\/fi\/venesatamat\/venepaikat\/","title":{"rendered":"Venepaikat"},"content":{"rendered":"<h3>Venepaikat<\/h3>\n<p class=\"v1MsoNormal\">Venepaikkojen varaukset s\u00e4hk\u00f6isen varausj\u00e4rjestelm\u00e4n kautta osoitteessa:\u00a0 <a href=\"https:\/\/kartta.uki.fi\/ePermit\/fi\/Reservation\" target=\"_blank\" rel=\"noopener noreferrer\">https:\/\/kartta.uki.fi\/ePermit\/fi\/Reservation<\/a><\/p>\n<p class=\"v1MsoNormal\">Ota yhteytt\u00e4 Uudenkaupungin Satamaan lunastaaksesi tai palauttaaksesi portillisten laitureiden avaimen tai j\u00e4tepisteiden avaimen.<\/p>\n<p class=\"v1MsoNormal\">Asiakaspalaute ja venepaikkojen huoltopyynn\u00f6t 24\/7 osoitteessa: <a href=\"http:\/\/www.ukiport.fi\/fi\/venesatamat\/asiakaspalaute\/\" rel=\"noopener noreferrer\">www.ukiport.fi\/fi\/venesatamat\/asiakaspalaute\/<\/a><\/p>\n","protected":false},"excerpt":{"rendered":"<p>Venepaikat Venepaikkojen varaukset s\u00e4hk\u00f6isen varausj\u00e4rjestelm\u00e4n kautta osoitteessa:\u00a0 https:\/\/kartta.uki.fi\/ePermit\/fi\/Reservation Ota yhteytt\u00e4 Uudenkaupungin Satamaan lunastaaksesi tai<span class=\"excerpt-hellip\"> [\u2026]<\/span><\/p>\n","protected":false},"author":11,"featured_media":0,"parent":520,"menu_order":1,"comment_status":"closed","ping_status":"closed","template":"","meta":{"footnotes":""},"class_list":["post-831","page","type-page","status-publish","hentry"],"yoast_head":"<!-- This site is optimized with the Yoast SEO plugin v27.1.1 - https:\/\/yoast.com\/product\/yoast-seo-wordpress\/ -->\n<title>Venepaikat - Uudenkaupungin Satama Oy<\/title>\n<meta name=\"description\" content=\"Venepaikkojen varaukset s\u00e4hk\u00f6isen varausj\u00e4rjestelm\u00e4n kautta osoitteessa:\u00a0 https:\/\/kartta.uki.fi\/ePermit\/fi\/Reservation\" \/>\n<meta name=\"robots\" content=\"index, follow, max-snippet:-1, max-image-preview:large, max-video-preview:-1\" \/>\n<link rel=\"canonical\" href=\"https:\/\/ukiport.fi\/fi\/venesatamat\/venepaikat\/\" \/>\n<meta property=\"og:locale\" content=\"fi_FI\" \/>\n<meta property=\"og:type\" content=\"article\" \/>\n<meta property=\"og:title\" content=\"Venepaikat - Uudenkaupungin Satama Oy\" \/>\n<meta property=\"og:description\" content=\"Venepaikkojen varaukset s\u00e4hk\u00f6isen varausj\u00e4rjestelm\u00e4n kautta osoitteessa:\u00a0 https:\/\/kartta.uki.fi\/ePermit\/fi\/Reservation\" \/>\n<meta property=\"og:url\" content=\"https:\/\/ukiport.fi\/fi\/venesatamat\/venepaikat\/\" \/>\n<meta property=\"og:site_name\" content=\"Uudenkaupungin Satama Oy\" \/>\n<meta property=\"article:modified_time\" content=\"2025-02-15T20:43:00+00:00\" \/>\n<meta name=\"twitter:card\" content=\"summary_large_image\" \/>\n<meta name=\"twitter:label1\" content=\"Arvioitu lukuaika\" \/>\n\t<meta name=\"twitter:data1\" content=\"1 minuutti\" \/>\n<script type=\"application\/ld+json\" class=\"yoast-schema-graph\">{\"@context\":\"https:\/\/schema.org\",\"@graph\":[{\"@type\":\"WebPage\",\"@id\":\"https:\/\/ukiport.fi\/fi\/venesatamat\/venepaikat\/\",\"url\":\"https:\/\/ukiport.fi\/fi\/venesatamat\/venepaikat\/\",\"name\":\"Venepaikat - Uudenkaupungin Satama Oy\",\"isPartOf\":{\"@id\":\"https:\/\/ukiport.fi\/#website\"},\"datePublished\":\"2022-06-02T15:50:50+00:00\",\"dateModified\":\"2025-02-15T20:43:00+00:00\",\"description\":\"Venepaikkojen varaukset s\u00e4hk\u00f6isen varausj\u00e4rjestelm\u00e4n kautta osoitteessa:\u00a0 https:\/\/kartta.uki.fi\/ePermit\/fi\/Reservation\",\"breadcrumb\":{\"@id\":\"https:\/\/ukiport.fi\/fi\/venesatamat\/venepaikat\/#breadcrumb\"},\"inLanguage\":\"fi\",\"potentialAction\":[{\"@type\":\"ReadAction\",\"target\":[\"https:\/\/ukiport.fi\/fi\/venesatamat\/venepaikat\/\"]}]},{\"@type\":\"BreadcrumbList\",\"@id\":\"https:\/\/ukiport.fi\/fi\/venesatamat\/venepaikat\/#breadcrumb\",\"itemListElement\":[{\"@type\":\"ListItem\",\"position\":1,\"name\":\"Etusivu\",\"item\":\"https:\/\/ukiport.fi\/fi\/\"},{\"@type\":\"ListItem\",\"position\":2,\"name\":\"Venesatamat\",\"item\":\"https:\/\/ukiport.fi\/fi\/venesatamat\/\"},{\"@type\":\"ListItem\",\"position\":3,\"name\":\"Venepaikat\"}]},{\"@type\":\"WebSite\",\"@id\":\"https:\/\/ukiport.fi\/#website\",\"url\":\"https:\/\/ukiport.fi\/\",\"name\":\"Uudenkaupungin Satama Oy\",\"description\":\"\",\"publisher\":{\"@id\":\"https:\/\/ukiport.fi\/#organization\"},\"potentialAction\":[{\"@type\":\"SearchAction\",\"target\":{\"@type\":\"EntryPoint\",\"urlTemplate\":\"https:\/\/ukiport.fi\/?s={search_term_string}\"},\"query-input\":{\"@type\":\"PropertyValueSpecification\",\"valueRequired\":true,\"valueName\":\"search_term_string\"}}],\"inLanguage\":\"fi\"},{\"@type\":\"Organization\",\"@id\":\"https:\/\/ukiport.fi\/#organization\",\"name\":\"Uudenkaupungin Satama Oy\",\"url\":\"https:\/\/ukiport.fi\/\",\"logo\":{\"@type\":\"ImageObject\",\"inLanguage\":\"fi\",\"@id\":\"https:\/\/ukiport.fi\/#\/schema\/logo\/image\/\",\"url\":\"https:\/\/ukiport.fi\/wp-content\/uploads\/2023\/03\/logo-fi.png\",\"contentUrl\":\"https:\/\/ukiport.fi\/wp-content\/uploads\/2023\/03\/logo-fi.png\",\"width\":420,\"height\":85,\"caption\":\"Uudenkaupungin Satama Oy\"},\"image\":{\"@id\":\"https:\/\/ukiport.fi\/#\/schema\/logo\/image\/\"}}]}<\/script>\n<!-- \/ Yoast SEO plugin. -->","yoast_head_json":{"title":"Venepaikat - Uudenkaupungin Satama Oy","description":"Venepaikkojen varaukset s\u00e4hk\u00f6isen varausj\u00e4rjestelm\u00e4n kautta osoitteessa:\u00a0 https:\/\/kartta.uki.fi\/ePermit\/fi\/Reservation","robots":{"index":"index","follow":"follow","max-snippet":"max-snippet:-1","max-image-preview":"max-image-preview:large","max-video-preview":"max-video-preview:-1"},"canonical":"https:\/\/ukiport.fi\/fi\/venesatamat\/venepaikat\/","og_locale":"fi_FI","og_type":"article","og_title":"Venepaikat - Uudenkaupungin Satama Oy","og_description":"Venepaikkojen varaukset s\u00e4hk\u00f6isen varausj\u00e4rjestelm\u00e4n kautta osoitteessa:\u00a0 https:\/\/kartta.uki.fi\/ePermit\/fi\/Reservation","og_url":"https:\/\/ukiport.fi\/fi\/venesatamat\/venepaikat\/","og_site_name":"Uudenkaupungin Satama Oy","article_modified_time":"2025-02-15T20:43:00+00:00","twitter_card":"summary_large_image","twitter_misc":{"Arvioitu lukuaika":"1 minuutti"},"schema":{"@context":"https:\/\/schema.org","@graph":[{"@type":"WebPage","@id":"https:\/\/ukiport.fi\/fi\/venesatamat\/venepaikat\/","url":"https:\/\/ukiport.fi\/fi\/venesatamat\/venepaikat\/","name":"Venepaikat - Uudenkaupungin Satama Oy","isPartOf":{"@id":"https:\/\/ukiport.fi\/#website"},"datePublished":"2022-06-02T15:50:50+00:00","dateModified":"2025-02-15T20:43:00+00:00","description":"Venepaikkojen varaukset s\u00e4hk\u00f6isen varausj\u00e4rjestelm\u00e4n kautta osoitteessa:\u00a0 https:\/\/kartta.uki.fi\/ePermit\/fi\/Reservation","breadcrumb":{"@id":"https:\/\/ukiport.fi\/fi\/venesatamat\/venepaikat\/#breadcrumb"},"inLanguage":"fi","potentialAction":[{"@type":"ReadAction","target":["https:\/\/ukiport.fi\/fi\/venesatamat\/venepaikat\/"]}]},{"@type":"BreadcrumbList","@id":"https:\/\/ukiport.fi\/fi\/venesatamat\/venepaikat\/#breadcrumb","itemListElement":[{"@type":"ListItem","position":1,"name":"Etusivu","item":"https:\/\/ukiport.fi\/fi\/"},{"@type":"ListItem","position":2,"name":"Venesatamat","item":"https:\/\/ukiport.fi\/fi\/venesatamat\/"},{"@type":"ListItem","position":3,"name":"Venepaikat"}]},{"@type":"WebSite","@id":"https:\/\/ukiport.fi\/#website","url":"https:\/\/ukiport.fi\/","name":"Uudenkaupungin Satama Oy","description":"","publisher":{"@id":"https:\/\/ukiport.fi\/#organization"},"potentialAction":[{"@type":"SearchAction","target":{"@type":"EntryPoint","urlTemplate":"https:\/\/ukiport.fi\/?s={search_term_string}"},"query-input":{"@type":"PropertyValueSpecification","valueRequired":true,"valueName":"search_term_string"}}],"inLanguage":"fi"},{"@type":"Organization","@id":"https:\/\/ukiport.fi\/#organization","name":"Uudenkaupungin Satama Oy","url":"https:\/\/ukiport.fi\/","logo":{"@type":"ImageObject","inLanguage":"fi","@id":"https:\/\/ukiport.fi\/#\/schema\/logo\/image\/","url":"https:\/\/ukiport.fi\/wp-content\/uploads\/2023\/03\/logo-fi.png","contentUrl":"https:\/\/ukiport.fi\/wp-content\/uploads\/2023\/03\/logo-fi.png","width":420,"height":85,"caption":"Uudenkaupungin Satama Oy"},"image":{"@id":"https:\/\/ukiport.fi\/#\/schema\/logo\/image\/"}}]}},"_links":{"self":[{"href":"https:\/\/ukiport.fi\/fi\/wp-json\/wp\/v2\/pages\/831","targetHints":{"allow":["GET"]}}],"collection":[{"href":"https:\/\/ukiport.fi\/fi\/wp-json\/wp\/v2\/pages"}],"about":[{"href":"https:\/\/ukiport.fi\/fi\/wp-json\/wp\/v2\/types\/page"}],"author":[{"embeddable":true,"href":"https:\/\/ukiport.fi\/fi\/wp-json\/wp\/v2\/users\/11"}],"replies":[{"embeddable":true,"href":"https:\/\/ukiport.fi\/fi\/wp-json\/wp\/v2\/comments?post=831"}],"version-history":[{"count":7,"href":"https:\/\/ukiport.fi\/fi\/wp-json\/wp\/v2\/pages\/831\/revisions"}],"predecessor-version":[{"id":1364,"href":"https:\/\/ukiport.fi\/fi\/wp-json\/wp\/v2\/pages\/831\/revisions\/1364"}],"up":[{"embeddable":true,"href":"https:\/\/ukiport.fi\/fi\/wp-json\/wp\/v2\/pages\/520"}],"wp:attachment":[{"href":"https:\/\/ukiport.fi\/fi\/wp-json\/wp\/v2\/media?parent=831"}],"curies":[{"name":"wp","href":"https:\/\/api.w.org\/{rel}","templated":true}]}}