{"id":676,"date":"2022-05-23T23:11:13","date_gmt":"2022-05-23T20:11:13","guid":{"rendered":"http:\/\/ukiport.fi\/?page_id=676"},"modified":"2025-02-15T22:39:37","modified_gmt":"2025-02-15T20:39:37","slug":"sijainti-ja-satama-alueen-kartta","status":"publish","type":"page","link":"https:\/\/ukiport.fi\/fi\/satamapalvelut\/sijainti-ja-satama-alueen-kartta\/","title":{"rendered":"Sijainti ja satama-alueen kartta"},"content":{"rendered":"<p><img loading=\"lazy\" decoding=\"async\" class=\"alignnone size-full wp-image-1122\" src=\"http:\/\/ukiport.fi\/wp-content\/uploads\/2023\/03\/sijainti.jpg\" alt=\"\" width=\"1200\" height=\"462\" srcset=\"https:\/\/ukiport.fi\/wp-content\/uploads\/2023\/03\/sijainti.jpg 1200w, https:\/\/ukiport.fi\/wp-content\/uploads\/2023\/03\/sijainti-300x116.jpg 300w, https:\/\/ukiport.fi\/wp-content\/uploads\/2023\/03\/sijainti-1024x394.jpg 1024w, https:\/\/ukiport.fi\/wp-content\/uploads\/2023\/03\/sijainti-768x296.jpg 768w, https:\/\/ukiport.fi\/wp-content\/uploads\/2023\/03\/sijainti-260x100.jpg 260w, https:\/\/ukiport.fi\/wp-content\/uploads\/2023\/03\/sijainti-50x19.jpg 50w, https:\/\/ukiport.fi\/wp-content\/uploads\/2023\/03\/sijainti-150x58.jpg 150w\" sizes=\"auto, (max-width: 1200px) 100vw, 1200px\" \/><\/p>\n<h3>Satamamme sijainti on ideaalinen<\/h3>\n<p>T\u00e4\u00e4lt\u00e4 on helpot yhteydet suurimpiin kaupunkeihin Suomessa ja my\u00f6skin erinomaiset laivayhteydet Keski-Eurooppaan. Ja toisin kuin suuremmissa kaupungeissa, meilt\u00e4 on nopea p\u00e4\u00e4sy ulos kaupungista jossa satama sijaitsee.<\/p>\n<a class=\"button nappi button_size_2 button_dark\"  href=\"http:\/\/ukiport.fi\/fi\/yhteystiedot\/\"    ><span class=\"button_label\">Yhteystiedot<\/span><\/a>\n\n<h4>Satama-alueen kartta<\/h4>\n<p><a href=\"http:\/\/ukiport.fi\/wp-content\/uploads\/2023\/03\/satamakartta_2021.pdf\" target=\"_blank\" rel=\"noopener\"><img loading=\"lazy\" decoding=\"async\" class=\"alignnone wp-image-1118\" src=\"http:\/\/ukiport.fi\/wp-content\/uploads\/2023\/03\/satamakartta_2021.jpg\" alt=\"\" width=\"600\" height=\"384\" srcset=\"https:\/\/ukiport.fi\/wp-content\/uploads\/2023\/03\/satamakartta_2021.jpg 1800w, https:\/\/ukiport.fi\/wp-content\/uploads\/2023\/03\/satamakartta_2021-300x192.jpg 300w, https:\/\/ukiport.fi\/wp-content\/uploads\/2023\/03\/satamakartta_2021-1024x655.jpg 1024w, https:\/\/ukiport.fi\/wp-content\/uploads\/2023\/03\/satamakartta_2021-768x491.jpg 768w, https:\/\/ukiport.fi\/wp-content\/uploads\/2023\/03\/satamakartta_2021-1536x982.jpg 1536w, https:\/\/ukiport.fi\/wp-content\/uploads\/2023\/03\/satamakartta_2021-228x146.jpg 228w, https:\/\/ukiport.fi\/wp-content\/uploads\/2023\/03\/satamakartta_2021-50x32.jpg 50w, https:\/\/ukiport.fi\/wp-content\/uploads\/2023\/03\/satamakartta_2021-117x75.jpg 117w\" sizes=\"auto, (max-width: 600px) 100vw, 600px\" \/><\/a><\/p>\n<a class=\"button nappi button_size_2 button_dark\"  href=\"http:\/\/ukiport.fi\/wp-content\/uploads\/2025\/01\/satamakartta_2024.pdf\" target=\"_blank\"   ><span class=\"button_label\">Lataa kartta t\u00e4st\u00e4<\/span><\/a>\n\n","protected":false},"excerpt":{"rendered":"<p>Satamamme sijainti on ideaalinen T\u00e4\u00e4lt\u00e4 on helpot yhteydet suurimpiin kaupunkeihin Suomessa ja my\u00f6skin erinomaiset<span class=\"excerpt-hellip\"> [\u2026]<\/span><\/p>\n","protected":false},"author":11,"featured_media":0,"parent":302,"menu_order":1,"comment_status":"closed","ping_status":"closed","template":"","meta":{"footnotes":""},"class_list":["post-676","page","type-page","status-publish","hentry"],"yoast_head":"<!-- This site is optimized with the Yoast SEO plugin v27.1.1 - https:\/\/yoast.com\/product\/yoast-seo-wordpress\/ -->\n<title>Sijainti ja satama-alueen kartta - Uudenkaupungin Satama Oy<\/title>\n<meta name=\"description\" content=\"T\u00e4\u00e4lt\u00e4 on helpot yhteydet suurimpiin kaupunkeihin Suomessa ja my\u00f6skin erinomaiset laivayhteydet Keski-Eurooppaan.\" \/>\n<meta name=\"robots\" content=\"index, follow, max-snippet:-1, max-image-preview:large, max-video-preview:-1\" \/>\n<link rel=\"canonical\" href=\"https:\/\/ukiport.fi\/fi\/satamapalvelut\/sijainti-ja-satama-alueen-kartta\/\" \/>\n<meta property=\"og:locale\" content=\"fi_FI\" \/>\n<meta property=\"og:type\" content=\"article\" \/>\n<meta property=\"og:title\" content=\"Sijainti ja satama-alueen kartta - Uudenkaupungin Satama Oy\" \/>\n<meta property=\"og:description\" content=\"T\u00e4\u00e4lt\u00e4 on helpot yhteydet suurimpiin kaupunkeihin Suomessa ja my\u00f6skin erinomaiset laivayhteydet Keski-Eurooppaan.\" \/>\n<meta property=\"og:url\" content=\"https:\/\/ukiport.fi\/fi\/satamapalvelut\/sijainti-ja-satama-alueen-kartta\/\" \/>\n<meta property=\"og:site_name\" content=\"Uudenkaupungin Satama Oy\" \/>\n<meta property=\"article:modified_time\" content=\"2025-02-15T20:39:37+00:00\" \/>\n<meta property=\"og:image\" content=\"https:\/\/ukiport.fi\/wp-content\/uploads\/2023\/03\/sijainti.jpg\" \/>\n\t<meta property=\"og:image:width\" content=\"1200\" \/>\n\t<meta property=\"og:image:height\" content=\"462\" \/>\n\t<meta property=\"og:image:type\" content=\"image\/jpeg\" \/>\n<meta name=\"twitter:card\" content=\"summary_large_image\" \/>\n<meta name=\"twitter:label1\" content=\"Arvioitu lukuaika\" \/>\n\t<meta name=\"twitter:data1\" content=\"1 minuutti\" \/>\n<script type=\"application\/ld+json\" class=\"yoast-schema-graph\">{\"@context\":\"https:\/\/schema.org\",\"@graph\":[{\"@type\":\"WebPage\",\"@id\":\"https:\/\/ukiport.fi\/fi\/satamapalvelut\/sijainti-ja-satama-alueen-kartta\/\",\"url\":\"https:\/\/ukiport.fi\/fi\/satamapalvelut\/sijainti-ja-satama-alueen-kartta\/\",\"name\":\"Sijainti ja satama-alueen kartta - Uudenkaupungin Satama Oy\",\"isPartOf\":{\"@id\":\"https:\/\/ukiport.fi\/#website\"},\"primaryImageOfPage\":{\"@id\":\"https:\/\/ukiport.fi\/fi\/satamapalvelut\/sijainti-ja-satama-alueen-kartta\/#primaryimage\"},\"image\":{\"@id\":\"https:\/\/ukiport.fi\/fi\/satamapalvelut\/sijainti-ja-satama-alueen-kartta\/#primaryimage\"},\"thumbnailUrl\":\"http:\/\/ukiport.fi\/wp-content\/uploads\/2023\/03\/sijainti.jpg\",\"datePublished\":\"2022-05-23T20:11:13+00:00\",\"dateModified\":\"2025-02-15T20:39:37+00:00\",\"description\":\"T\u00e4\u00e4lt\u00e4 on helpot yhteydet suurimpiin kaupunkeihin Suomessa ja my\u00f6skin erinomaiset laivayhteydet Keski-Eurooppaan.\",\"breadcrumb\":{\"@id\":\"https:\/\/ukiport.fi\/fi\/satamapalvelut\/sijainti-ja-satama-alueen-kartta\/#breadcrumb\"},\"inLanguage\":\"fi\",\"potentialAction\":[{\"@type\":\"ReadAction\",\"target\":[\"https:\/\/ukiport.fi\/fi\/satamapalvelut\/sijainti-ja-satama-alueen-kartta\/\"]}]},{\"@type\":\"ImageObject\",\"inLanguage\":\"fi\",\"@id\":\"https:\/\/ukiport.fi\/fi\/satamapalvelut\/sijainti-ja-satama-alueen-kartta\/#primaryimage\",\"url\":\"http:\/\/ukiport.fi\/wp-content\/uploads\/2023\/03\/sijainti.jpg\",\"contentUrl\":\"http:\/\/ukiport.fi\/wp-content\/uploads\/2023\/03\/sijainti.jpg\"},{\"@type\":\"BreadcrumbList\",\"@id\":\"https:\/\/ukiport.fi\/fi\/satamapalvelut\/sijainti-ja-satama-alueen-kartta\/#breadcrumb\",\"itemListElement\":[{\"@type\":\"ListItem\",\"position\":1,\"name\":\"Etusivu\",\"item\":\"https:\/\/ukiport.fi\/fi\/\"},{\"@type\":\"ListItem\",\"position\":2,\"name\":\"Satamapalvelut\",\"item\":\"https:\/\/ukiport.fi\/fi\/satamapalvelut\/\"},{\"@type\":\"ListItem\",\"position\":3,\"name\":\"Sijainti ja satama-alueen kartta\"}]},{\"@type\":\"WebSite\",\"@id\":\"https:\/\/ukiport.fi\/#website\",\"url\":\"https:\/\/ukiport.fi\/\",\"name\":\"Uudenkaupungin Satama Oy\",\"description\":\"\",\"publisher\":{\"@id\":\"https:\/\/ukiport.fi\/#organization\"},\"potentialAction\":[{\"@type\":\"SearchAction\",\"target\":{\"@type\":\"EntryPoint\",\"urlTemplate\":\"https:\/\/ukiport.fi\/?s={search_term_string}\"},\"query-input\":{\"@type\":\"PropertyValueSpecification\",\"valueRequired\":true,\"valueName\":\"search_term_string\"}}],\"inLanguage\":\"fi\"},{\"@type\":\"Organization\",\"@id\":\"https:\/\/ukiport.fi\/#organization\",\"name\":\"Uudenkaupungin Satama Oy\",\"url\":\"https:\/\/ukiport.fi\/\",\"logo\":{\"@type\":\"ImageObject\",\"inLanguage\":\"fi\",\"@id\":\"https:\/\/ukiport.fi\/#\/schema\/logo\/image\/\",\"url\":\"https:\/\/ukiport.fi\/wp-content\/uploads\/2023\/03\/logo-fi.png\",\"contentUrl\":\"https:\/\/ukiport.fi\/wp-content\/uploads\/2023\/03\/logo-fi.png\",\"width\":420,\"height\":85,\"caption\":\"Uudenkaupungin Satama Oy\"},\"image\":{\"@id\":\"https:\/\/ukiport.fi\/#\/schema\/logo\/image\/\"}}]}<\/script>\n<!-- \/ Yoast SEO plugin. -->","yoast_head_json":{"title":"Sijainti ja satama-alueen kartta - Uudenkaupungin Satama Oy","description":"T\u00e4\u00e4lt\u00e4 on helpot yhteydet suurimpiin kaupunkeihin Suomessa ja my\u00f6skin erinomaiset laivayhteydet Keski-Eurooppaan.","robots":{"index":"index","follow":"follow","max-snippet":"max-snippet:-1","max-image-preview":"max-image-preview:large","max-video-preview":"max-video-preview:-1"},"canonical":"https:\/\/ukiport.fi\/fi\/satamapalvelut\/sijainti-ja-satama-alueen-kartta\/","og_locale":"fi_FI","og_type":"article","og_title":"Sijainti ja satama-alueen kartta - Uudenkaupungin Satama Oy","og_description":"T\u00e4\u00e4lt\u00e4 on helpot yhteydet suurimpiin kaupunkeihin Suomessa ja my\u00f6skin erinomaiset laivayhteydet Keski-Eurooppaan.","og_url":"https:\/\/ukiport.fi\/fi\/satamapalvelut\/sijainti-ja-satama-alueen-kartta\/","og_site_name":"Uudenkaupungin Satama Oy","article_modified_time":"2025-02-15T20:39:37+00:00","og_image":[{"width":1200,"height":462,"url":"https:\/\/ukiport.fi\/wp-content\/uploads\/2023\/03\/sijainti.jpg","type":"image\/jpeg"}],"twitter_card":"summary_large_image","twitter_misc":{"Arvioitu lukuaika":"1 minuutti"},"schema":{"@context":"https:\/\/schema.org","@graph":[{"@type":"WebPage","@id":"https:\/\/ukiport.fi\/fi\/satamapalvelut\/sijainti-ja-satama-alueen-kartta\/","url":"https:\/\/ukiport.fi\/fi\/satamapalvelut\/sijainti-ja-satama-alueen-kartta\/","name":"Sijainti ja satama-alueen kartta - Uudenkaupungin Satama Oy","isPartOf":{"@id":"https:\/\/ukiport.fi\/#website"},"primaryImageOfPage":{"@id":"https:\/\/ukiport.fi\/fi\/satamapalvelut\/sijainti-ja-satama-alueen-kartta\/#primaryimage"},"image":{"@id":"https:\/\/ukiport.fi\/fi\/satamapalvelut\/sijainti-ja-satama-alueen-kartta\/#primaryimage"},"thumbnailUrl":"http:\/\/ukiport.fi\/wp-content\/uploads\/2023\/03\/sijainti.jpg","datePublished":"2022-05-23T20:11:13+00:00","dateModified":"2025-02-15T20:39:37+00:00","description":"T\u00e4\u00e4lt\u00e4 on helpot yhteydet suurimpiin kaupunkeihin Suomessa ja my\u00f6skin erinomaiset laivayhteydet Keski-Eurooppaan.","breadcrumb":{"@id":"https:\/\/ukiport.fi\/fi\/satamapalvelut\/sijainti-ja-satama-alueen-kartta\/#breadcrumb"},"inLanguage":"fi","potentialAction":[{"@type":"ReadAction","target":["https:\/\/ukiport.fi\/fi\/satamapalvelut\/sijainti-ja-satama-alueen-kartta\/"]}]},{"@type":"ImageObject","inLanguage":"fi","@id":"https:\/\/ukiport.fi\/fi\/satamapalvelut\/sijainti-ja-satama-alueen-kartta\/#primaryimage","url":"http:\/\/ukiport.fi\/wp-content\/uploads\/2023\/03\/sijainti.jpg","contentUrl":"http:\/\/ukiport.fi\/wp-content\/uploads\/2023\/03\/sijainti.jpg"},{"@type":"BreadcrumbList","@id":"https:\/\/ukiport.fi\/fi\/satamapalvelut\/sijainti-ja-satama-alueen-kartta\/#breadcrumb","itemListElement":[{"@type":"ListItem","position":1,"name":"Etusivu","item":"https:\/\/ukiport.fi\/fi\/"},{"@type":"ListItem","position":2,"name":"Satamapalvelut","item":"https:\/\/ukiport.fi\/fi\/satamapalvelut\/"},{"@type":"ListItem","position":3,"name":"Sijainti ja satama-alueen kartta"}]},{"@type":"WebSite","@id":"https:\/\/ukiport.fi\/#website","url":"https:\/\/ukiport.fi\/","name":"Uudenkaupungin Satama Oy","description":"","publisher":{"@id":"https:\/\/ukiport.fi\/#organization"},"potentialAction":[{"@type":"SearchAction","target":{"@type":"EntryPoint","urlTemplate":"https:\/\/ukiport.fi\/?s={search_term_string}"},"query-input":{"@type":"PropertyValueSpecification","valueRequired":true,"valueName":"search_term_string"}}],"inLanguage":"fi"},{"@type":"Organization","@id":"https:\/\/ukiport.fi\/#organization","name":"Uudenkaupungin Satama Oy","url":"https:\/\/ukiport.fi\/","logo":{"@type":"ImageObject","inLanguage":"fi","@id":"https:\/\/ukiport.fi\/#\/schema\/logo\/image\/","url":"https:\/\/ukiport.fi\/wp-content\/uploads\/2023\/03\/logo-fi.png","contentUrl":"https:\/\/ukiport.fi\/wp-content\/uploads\/2023\/03\/logo-fi.png","width":420,"height":85,"caption":"Uudenkaupungin Satama Oy"},"image":{"@id":"https:\/\/ukiport.fi\/#\/schema\/logo\/image\/"}}]}},"_links":{"self":[{"href":"https:\/\/ukiport.fi\/fi\/wp-json\/wp\/v2\/pages\/676","targetHints":{"allow":["GET"]}}],"collection":[{"href":"https:\/\/ukiport.fi\/fi\/wp-json\/wp\/v2\/pages"}],"about":[{"href":"https:\/\/ukiport.fi\/fi\/wp-json\/wp\/v2\/types\/page"}],"author":[{"embeddable":true,"href":"https:\/\/ukiport.fi\/fi\/wp-json\/wp\/v2\/users\/11"}],"replies":[{"embeddable":true,"href":"https:\/\/ukiport.fi\/fi\/wp-json\/wp\/v2\/comments?post=676"}],"version-history":[{"count":5,"href":"https:\/\/ukiport.fi\/fi\/wp-json\/wp\/v2\/pages\/676\/revisions"}],"predecessor-version":[{"id":1304,"href":"https:\/\/ukiport.fi\/fi\/wp-json\/wp\/v2\/pages\/676\/revisions\/1304"}],"up":[{"embeddable":true,"href":"https:\/\/ukiport.fi\/fi\/wp-json\/wp\/v2\/pages\/302"}],"wp:attachment":[{"href":"https:\/\/ukiport.fi\/fi\/wp-json\/wp\/v2\/media?parent=676"}],"curies":[{"name":"wp","href":"https:\/\/api.w.org\/{rel}","templated":true}]}}