{"id":673,"date":"2022-05-23T23:10:21","date_gmt":"2022-05-23T20:10:21","guid":{"rendered":"http:\/\/ukiport.fi\/?page_id=673"},"modified":"2025-12-29T16:52:16","modified_gmt":"2025-12-29T14:52:16","slug":"jatehuoltosuunnitelma","status":"publish","type":"page","link":"https:\/\/ukiport.fi\/fi\/luvat-ja-ohjeet\/jatehuoltosuunnitelma\/","title":{"rendered":"J\u00e4tehuoltosuunnitelma"},"content":{"rendered":"<h3>J\u00e4tehuoltosuunnitelma<\/h3>\n<p>Allaolevasta linkist\u00e4 voit ladata j\u00e4tehuoltosuunnitelmamme:<\/p>\n<a class=\"button nappi has-icon button_left button_size_2 button_dark\"  href=\"https:\/\/ukiport.fi\/wp-content\/uploads\/2025\/12\/Ukiport_Jatehuoltosuunnitelma.pdf\" target=\"_blank\"   ><span class=\"button_icon\"><i class=\"fas fa-file-pdf\"  aria-hidden=\"true\"><\/i><\/span><span class=\"button_label\">Lataa j\u00e4tehuoltosuunnitelma<\/span><\/a>\n\n<hr \/>\n<h3>J\u00e4tehuolto-ohje<\/h3>\n<p>Allaolevasta linkist\u00e4 voit ladata j\u00e4tehuolto-ohjeemme:<\/p>\n<a class=\"button nappi has-icon button_left button_size_2 button_dark\"  href=\"https:\/\/ukiport.fi\/wp-content\/uploads\/2025\/02\/Ukiport_Jatehuolto-ohje_2025.pdf\" target=\"_blank\"   ><span class=\"button_icon\"><i class=\"fas fa-file-pdf\"  aria-hidden=\"true\"><\/i><\/span><span class=\"button_label\">Lataa j\u00e4tehuolto-ohje<\/span><\/a>\n\n<hr \/>\n<h3 class=\"subject\">It\u00e4meren j\u00e4temaksutiedot<\/h3>\n<p>Allaolevasta linkist\u00e4 voit ladata it\u00e4meren j\u00e4temaksutiedot (Huom! tiedot ovat englanniksi):<\/p>\n<a class=\"button nappi has-icon button_left button_size_2 button_dark\"  href=\"http:\/\/ukiport.fi\/wp-content\/uploads\/2023\/03\/BalticSeaWasteFee-info_Port-of-Uusikaupunki_202110.pdf\" target=\"_blank\"   ><span class=\"button_icon\"><i class=\"fas fa-file-pdf\"  aria-hidden=\"true\"><\/i><\/span><span class=\"button_label\">Lataa tiedot t\u00e4st\u00e4<\/span><\/a>\n\n<hr \/>\n<h3>J\u00e4tepistekartta<\/h3>\n<p><a href=\"http:\/\/ukiport.fi\/wp-content\/uploads\/2025\/01\/Ukiport_Jatehuolto-ohje_2024-1.jpg\" target=\"_blank\" rel=\"noopener\"><img loading=\"lazy\" decoding=\"async\" class=\"alignnone wp-image-1314\" src=\"http:\/\/ukiport.fi\/wp-content\/uploads\/2025\/01\/Ukiport_Jatehuolto-ohje_2024-1.jpg\" alt=\"\" width=\"600\" height=\"424\" srcset=\"https:\/\/ukiport.fi\/wp-content\/uploads\/2025\/01\/Ukiport_Jatehuolto-ohje_2024-1.jpg 1800w, https:\/\/ukiport.fi\/wp-content\/uploads\/2025\/01\/Ukiport_Jatehuolto-ohje_2024-1-300x212.jpg 300w, https:\/\/ukiport.fi\/wp-content\/uploads\/2025\/01\/Ukiport_Jatehuolto-ohje_2024-1-1024x724.jpg 1024w, https:\/\/ukiport.fi\/wp-content\/uploads\/2025\/01\/Ukiport_Jatehuolto-ohje_2024-1-768x543.jpg 768w, https:\/\/ukiport.fi\/wp-content\/uploads\/2025\/01\/Ukiport_Jatehuolto-ohje_2024-1-1536x1086.jpg 1536w, https:\/\/ukiport.fi\/wp-content\/uploads\/2025\/01\/Ukiport_Jatehuolto-ohje_2024-1-206x146.jpg 206w, https:\/\/ukiport.fi\/wp-content\/uploads\/2025\/01\/Ukiport_Jatehuolto-ohje_2024-1-50x35.jpg 50w, https:\/\/ukiport.fi\/wp-content\/uploads\/2025\/01\/Ukiport_Jatehuolto-ohje_2024-1-106x75.jpg 106w\" sizes=\"auto, (max-width: 600px) 100vw, 600px\" \/><\/a><\/p>\n","protected":false},"excerpt":{"rendered":"<p>J\u00e4tehuoltosuunnitelma Allaolevasta linkist\u00e4 voit ladata j\u00e4tehuoltosuunnitelmamme: J\u00e4tehuolto-ohje Allaolevasta linkist\u00e4 voit ladata j\u00e4tehuolto-ohjeemme: It\u00e4meren j\u00e4temaksutiedot<span class=\"excerpt-hellip\"> [\u2026]<\/span><\/p>\n","protected":false},"author":11,"featured_media":0,"parent":304,"menu_order":4,"comment_status":"closed","ping_status":"closed","template":"","meta":{"footnotes":""},"class_list":["post-673","page","type-page","status-publish","hentry"],"yoast_head":"<!-- This site is optimized with the Yoast SEO plugin v27.1.1 - https:\/\/yoast.com\/product\/yoast-seo-wordpress\/ -->\n<title>J\u00e4tehuoltosuunnitelma - Uudenkaupungin Satama Oy<\/title>\n<meta name=\"description\" content=\"T\u00e4lt\u00e4 sivulta voit ladata Uudenkaupungin Sataman j\u00e4tehuoltosuunnitelman, j\u00e4tehuolto-ohjeen sek\u00e4 j\u00e4tepistekartan.\" \/>\n<meta name=\"robots\" content=\"index, follow, max-snippet:-1, max-image-preview:large, max-video-preview:-1\" \/>\n<link rel=\"canonical\" href=\"https:\/\/ukiport.fi\/fi\/luvat-ja-ohjeet\/jatehuoltosuunnitelma\/\" \/>\n<meta property=\"og:locale\" content=\"fi_FI\" \/>\n<meta property=\"og:type\" content=\"article\" \/>\n<meta property=\"og:title\" content=\"J\u00e4tehuoltosuunnitelma - Uudenkaupungin Satama Oy\" \/>\n<meta property=\"og:description\" content=\"T\u00e4lt\u00e4 sivulta voit ladata Uudenkaupungin Sataman j\u00e4tehuoltosuunnitelman, j\u00e4tehuolto-ohjeen sek\u00e4 j\u00e4tepistekartan.\" \/>\n<meta property=\"og:url\" content=\"https:\/\/ukiport.fi\/fi\/luvat-ja-ohjeet\/jatehuoltosuunnitelma\/\" \/>\n<meta property=\"og:site_name\" content=\"Uudenkaupungin Satama Oy\" \/>\n<meta property=\"article:modified_time\" content=\"2025-12-29T14:52:16+00:00\" \/>\n<meta property=\"og:image\" content=\"https:\/\/ukiport.fi\/wp-content\/uploads\/2025\/01\/Ukiport_Jatehuolto-ohje_2024-1.jpg\" \/>\n\t<meta property=\"og:image:width\" content=\"1800\" \/>\n\t<meta property=\"og:image:height\" content=\"1273\" \/>\n\t<meta property=\"og:image:type\" content=\"image\/jpeg\" \/>\n<meta name=\"twitter:card\" content=\"summary_large_image\" \/>\n<meta name=\"twitter:label1\" content=\"Arvioitu lukuaika\" \/>\n\t<meta name=\"twitter:data1\" content=\"1 minuutti\" \/>\n<script type=\"application\/ld+json\" class=\"yoast-schema-graph\">{\"@context\":\"https:\/\/schema.org\",\"@graph\":[{\"@type\":\"WebPage\",\"@id\":\"https:\/\/ukiport.fi\/fi\/luvat-ja-ohjeet\/jatehuoltosuunnitelma\/\",\"url\":\"https:\/\/ukiport.fi\/fi\/luvat-ja-ohjeet\/jatehuoltosuunnitelma\/\",\"name\":\"J\u00e4tehuoltosuunnitelma - Uudenkaupungin Satama Oy\",\"isPartOf\":{\"@id\":\"https:\/\/ukiport.fi\/#website\"},\"primaryImageOfPage\":{\"@id\":\"https:\/\/ukiport.fi\/fi\/luvat-ja-ohjeet\/jatehuoltosuunnitelma\/#primaryimage\"},\"image\":{\"@id\":\"https:\/\/ukiport.fi\/fi\/luvat-ja-ohjeet\/jatehuoltosuunnitelma\/#primaryimage\"},\"thumbnailUrl\":\"http:\/\/ukiport.fi\/wp-content\/uploads\/2025\/01\/Ukiport_Jatehuolto-ohje_2024-1.jpg\",\"datePublished\":\"2022-05-23T20:10:21+00:00\",\"dateModified\":\"2025-12-29T14:52:16+00:00\",\"description\":\"T\u00e4lt\u00e4 sivulta voit ladata Uudenkaupungin Sataman j\u00e4tehuoltosuunnitelman, j\u00e4tehuolto-ohjeen sek\u00e4 j\u00e4tepistekartan.\",\"breadcrumb\":{\"@id\":\"https:\/\/ukiport.fi\/fi\/luvat-ja-ohjeet\/jatehuoltosuunnitelma\/#breadcrumb\"},\"inLanguage\":\"fi\",\"potentialAction\":[{\"@type\":\"ReadAction\",\"target\":[\"https:\/\/ukiport.fi\/fi\/luvat-ja-ohjeet\/jatehuoltosuunnitelma\/\"]}]},{\"@type\":\"ImageObject\",\"inLanguage\":\"fi\",\"@id\":\"https:\/\/ukiport.fi\/fi\/luvat-ja-ohjeet\/jatehuoltosuunnitelma\/#primaryimage\",\"url\":\"http:\/\/ukiport.fi\/wp-content\/uploads\/2025\/01\/Ukiport_Jatehuolto-ohje_2024-1.jpg\",\"contentUrl\":\"http:\/\/ukiport.fi\/wp-content\/uploads\/2025\/01\/Ukiport_Jatehuolto-ohje_2024-1.jpg\"},{\"@type\":\"BreadcrumbList\",\"@id\":\"https:\/\/ukiport.fi\/fi\/luvat-ja-ohjeet\/jatehuoltosuunnitelma\/#breadcrumb\",\"itemListElement\":[{\"@type\":\"ListItem\",\"position\":1,\"name\":\"Etusivu\",\"item\":\"https:\/\/ukiport.fi\/fi\/\"},{\"@type\":\"ListItem\",\"position\":2,\"name\":\"Luvat &#038; ohjeet\",\"item\":\"https:\/\/ukiport.fi\/fi\/luvat-ja-ohjeet\/\"},{\"@type\":\"ListItem\",\"position\":3,\"name\":\"J\u00e4tehuoltosuunnitelma\"}]},{\"@type\":\"WebSite\",\"@id\":\"https:\/\/ukiport.fi\/#website\",\"url\":\"https:\/\/ukiport.fi\/\",\"name\":\"Uudenkaupungin Satama Oy\",\"description\":\"\",\"publisher\":{\"@id\":\"https:\/\/ukiport.fi\/#organization\"},\"potentialAction\":[{\"@type\":\"SearchAction\",\"target\":{\"@type\":\"EntryPoint\",\"urlTemplate\":\"https:\/\/ukiport.fi\/?s={search_term_string}\"},\"query-input\":{\"@type\":\"PropertyValueSpecification\",\"valueRequired\":true,\"valueName\":\"search_term_string\"}}],\"inLanguage\":\"fi\"},{\"@type\":\"Organization\",\"@id\":\"https:\/\/ukiport.fi\/#organization\",\"name\":\"Uudenkaupungin Satama Oy\",\"url\":\"https:\/\/ukiport.fi\/\",\"logo\":{\"@type\":\"ImageObject\",\"inLanguage\":\"fi\",\"@id\":\"https:\/\/ukiport.fi\/#\/schema\/logo\/image\/\",\"url\":\"https:\/\/ukiport.fi\/wp-content\/uploads\/2023\/03\/logo-fi.png\",\"contentUrl\":\"https:\/\/ukiport.fi\/wp-content\/uploads\/2023\/03\/logo-fi.png\",\"width\":420,\"height\":85,\"caption\":\"Uudenkaupungin Satama Oy\"},\"image\":{\"@id\":\"https:\/\/ukiport.fi\/#\/schema\/logo\/image\/\"}}]}<\/script>\n<!-- \/ Yoast SEO plugin. -->","yoast_head_json":{"title":"J\u00e4tehuoltosuunnitelma - Uudenkaupungin Satama Oy","description":"T\u00e4lt\u00e4 sivulta voit ladata Uudenkaupungin Sataman j\u00e4tehuoltosuunnitelman, j\u00e4tehuolto-ohjeen sek\u00e4 j\u00e4tepistekartan.","robots":{"index":"index","follow":"follow","max-snippet":"max-snippet:-1","max-image-preview":"max-image-preview:large","max-video-preview":"max-video-preview:-1"},"canonical":"https:\/\/ukiport.fi\/fi\/luvat-ja-ohjeet\/jatehuoltosuunnitelma\/","og_locale":"fi_FI","og_type":"article","og_title":"J\u00e4tehuoltosuunnitelma - Uudenkaupungin Satama Oy","og_description":"T\u00e4lt\u00e4 sivulta voit ladata Uudenkaupungin Sataman j\u00e4tehuoltosuunnitelman, j\u00e4tehuolto-ohjeen sek\u00e4 j\u00e4tepistekartan.","og_url":"https:\/\/ukiport.fi\/fi\/luvat-ja-ohjeet\/jatehuoltosuunnitelma\/","og_site_name":"Uudenkaupungin Satama Oy","article_modified_time":"2025-12-29T14:52:16+00:00","og_image":[{"width":1800,"height":1273,"url":"https:\/\/ukiport.fi\/wp-content\/uploads\/2025\/01\/Ukiport_Jatehuolto-ohje_2024-1.jpg","type":"image\/jpeg"}],"twitter_card":"summary_large_image","twitter_misc":{"Arvioitu lukuaika":"1 minuutti"},"schema":{"@context":"https:\/\/schema.org","@graph":[{"@type":"WebPage","@id":"https:\/\/ukiport.fi\/fi\/luvat-ja-ohjeet\/jatehuoltosuunnitelma\/","url":"https:\/\/ukiport.fi\/fi\/luvat-ja-ohjeet\/jatehuoltosuunnitelma\/","name":"J\u00e4tehuoltosuunnitelma - Uudenkaupungin Satama Oy","isPartOf":{"@id":"https:\/\/ukiport.fi\/#website"},"primaryImageOfPage":{"@id":"https:\/\/ukiport.fi\/fi\/luvat-ja-ohjeet\/jatehuoltosuunnitelma\/#primaryimage"},"image":{"@id":"https:\/\/ukiport.fi\/fi\/luvat-ja-ohjeet\/jatehuoltosuunnitelma\/#primaryimage"},"thumbnailUrl":"http:\/\/ukiport.fi\/wp-content\/uploads\/2025\/01\/Ukiport_Jatehuolto-ohje_2024-1.jpg","datePublished":"2022-05-23T20:10:21+00:00","dateModified":"2025-12-29T14:52:16+00:00","description":"T\u00e4lt\u00e4 sivulta voit ladata Uudenkaupungin Sataman j\u00e4tehuoltosuunnitelman, j\u00e4tehuolto-ohjeen sek\u00e4 j\u00e4tepistekartan.","breadcrumb":{"@id":"https:\/\/ukiport.fi\/fi\/luvat-ja-ohjeet\/jatehuoltosuunnitelma\/#breadcrumb"},"inLanguage":"fi","potentialAction":[{"@type":"ReadAction","target":["https:\/\/ukiport.fi\/fi\/luvat-ja-ohjeet\/jatehuoltosuunnitelma\/"]}]},{"@type":"ImageObject","inLanguage":"fi","@id":"https:\/\/ukiport.fi\/fi\/luvat-ja-ohjeet\/jatehuoltosuunnitelma\/#primaryimage","url":"http:\/\/ukiport.fi\/wp-content\/uploads\/2025\/01\/Ukiport_Jatehuolto-ohje_2024-1.jpg","contentUrl":"http:\/\/ukiport.fi\/wp-content\/uploads\/2025\/01\/Ukiport_Jatehuolto-ohje_2024-1.jpg"},{"@type":"BreadcrumbList","@id":"https:\/\/ukiport.fi\/fi\/luvat-ja-ohjeet\/jatehuoltosuunnitelma\/#breadcrumb","itemListElement":[{"@type":"ListItem","position":1,"name":"Etusivu","item":"https:\/\/ukiport.fi\/fi\/"},{"@type":"ListItem","position":2,"name":"Luvat &#038; ohjeet","item":"https:\/\/ukiport.fi\/fi\/luvat-ja-ohjeet\/"},{"@type":"ListItem","position":3,"name":"J\u00e4tehuoltosuunnitelma"}]},{"@type":"WebSite","@id":"https:\/\/ukiport.fi\/#website","url":"https:\/\/ukiport.fi\/","name":"Uudenkaupungin Satama Oy","description":"","publisher":{"@id":"https:\/\/ukiport.fi\/#organization"},"potentialAction":[{"@type":"SearchAction","target":{"@type":"EntryPoint","urlTemplate":"https:\/\/ukiport.fi\/?s={search_term_string}"},"query-input":{"@type":"PropertyValueSpecification","valueRequired":true,"valueName":"search_term_string"}}],"inLanguage":"fi"},{"@type":"Organization","@id":"https:\/\/ukiport.fi\/#organization","name":"Uudenkaupungin Satama Oy","url":"https:\/\/ukiport.fi\/","logo":{"@type":"ImageObject","inLanguage":"fi","@id":"https:\/\/ukiport.fi\/#\/schema\/logo\/image\/","url":"https:\/\/ukiport.fi\/wp-content\/uploads\/2023\/03\/logo-fi.png","contentUrl":"https:\/\/ukiport.fi\/wp-content\/uploads\/2023\/03\/logo-fi.png","width":420,"height":85,"caption":"Uudenkaupungin Satama Oy"},"image":{"@id":"https:\/\/ukiport.fi\/#\/schema\/logo\/image\/"}}]}},"_links":{"self":[{"href":"https:\/\/ukiport.fi\/fi\/wp-json\/wp\/v2\/pages\/673","targetHints":{"allow":["GET"]}}],"collection":[{"href":"https:\/\/ukiport.fi\/fi\/wp-json\/wp\/v2\/pages"}],"about":[{"href":"https:\/\/ukiport.fi\/fi\/wp-json\/wp\/v2\/types\/page"}],"author":[{"embeddable":true,"href":"https:\/\/ukiport.fi\/fi\/wp-json\/wp\/v2\/users\/11"}],"replies":[{"embeddable":true,"href":"https:\/\/ukiport.fi\/fi\/wp-json\/wp\/v2\/comments?post=673"}],"version-history":[{"count":14,"href":"https:\/\/ukiport.fi\/fi\/wp-json\/wp\/v2\/pages\/673\/revisions"}],"predecessor-version":[{"id":1479,"href":"https:\/\/ukiport.fi\/fi\/wp-json\/wp\/v2\/pages\/673\/revisions\/1479"}],"up":[{"embeddable":true,"href":"https:\/\/ukiport.fi\/fi\/wp-json\/wp\/v2\/pages\/304"}],"wp:attachment":[{"href":"https:\/\/ukiport.fi\/fi\/wp-json\/wp\/v2\/media?parent=673"}],"curies":[{"name":"wp","href":"https:\/\/api.w.org\/{rel}","templated":true}]}}