{"id":304,"date":"2022-02-10T14:51:00","date_gmt":"2022-02-10T12:51:00","guid":{"rendered":"http:\/\/ukiport.fi\/?page_id=304"},"modified":"2025-02-15T22:31:06","modified_gmt":"2025-02-15T20:31:06","slug":"luvat-ja-ohjeet","status":"publish","type":"page","link":"https:\/\/ukiport.fi\/fi\/luvat-ja-ohjeet\/","title":{"rendered":"Luvat &#038; ohjeet"},"content":{"rendered":"<p><img loading=\"lazy\" decoding=\"async\" class=\"alignnone size-full wp-image-1233\" src=\"http:\/\/ukiport.fi\/wp-content\/uploads\/2023\/03\/luvat-ja-ohjeet.jpg\" alt=\"\" width=\"1200\" height=\"427\" srcset=\"https:\/\/ukiport.fi\/wp-content\/uploads\/2023\/03\/luvat-ja-ohjeet.jpg 1200w, https:\/\/ukiport.fi\/wp-content\/uploads\/2023\/03\/luvat-ja-ohjeet-300x107.jpg 300w, https:\/\/ukiport.fi\/wp-content\/uploads\/2023\/03\/luvat-ja-ohjeet-1024x364.jpg 1024w, https:\/\/ukiport.fi\/wp-content\/uploads\/2023\/03\/luvat-ja-ohjeet-768x273.jpg 768w, https:\/\/ukiport.fi\/wp-content\/uploads\/2023\/03\/luvat-ja-ohjeet-260x93.jpg 260w, https:\/\/ukiport.fi\/wp-content\/uploads\/2023\/03\/luvat-ja-ohjeet-50x18.jpg 50w, https:\/\/ukiport.fi\/wp-content\/uploads\/2023\/03\/luvat-ja-ohjeet-150x53.jpg 150w\" sizes=\"auto, (max-width: 1200px) 100vw, 1200px\" \/><\/p>\n<h2>Luvat ja ohjeet<\/h2>\n<p>T\u00e4h\u00e4n osioon olemme ker\u00e4nneet t\u00e4rkeit\u00e4 lupia ja ohjeita satamaan liittyen.<\/p>\n","protected":false},"excerpt":{"rendered":"<p>Luvat ja ohjeet T\u00e4h\u00e4n osioon olemme ker\u00e4nneet t\u00e4rkeit\u00e4 lupia ja ohjeita satamaan liittyen.<\/p>\n","protected":false},"author":11,"featured_media":0,"parent":0,"menu_order":0,"comment_status":"closed","ping_status":"closed","template":"","meta":{"footnotes":""},"class_list":["post-304","page","type-page","status-publish","hentry"],"yoast_head":"<!-- This site is optimized with the Yoast SEO plugin v27.1.1 - https:\/\/yoast.com\/product\/yoast-seo-wordpress\/ -->\n<title>Luvat ja ohjeet - Uudenkaupungin Satama Oy<\/title>\n<meta name=\"description\" content=\"T\u00e4h\u00e4n osioon olemme ker\u00e4nneet t\u00e4rkeit\u00e4 lupia ja ohjeita satamaan liittyen.\" \/>\n<meta name=\"robots\" content=\"index, follow, max-snippet:-1, max-image-preview:large, max-video-preview:-1\" \/>\n<link rel=\"canonical\" href=\"https:\/\/ukiport.fi\/fi\/luvat-ja-ohjeet\/\" \/>\n<meta property=\"og:locale\" content=\"fi_FI\" \/>\n<meta property=\"og:type\" content=\"article\" \/>\n<meta property=\"og:title\" content=\"Luvat ja ohjeet - Uudenkaupungin Satama Oy\" \/>\n<meta property=\"og:description\" content=\"T\u00e4h\u00e4n osioon olemme ker\u00e4nneet t\u00e4rkeit\u00e4 lupia ja ohjeita satamaan liittyen.\" \/>\n<meta property=\"og:url\" content=\"https:\/\/ukiport.fi\/fi\/luvat-ja-ohjeet\/\" \/>\n<meta property=\"og:site_name\" content=\"Uudenkaupungin Satama Oy\" \/>\n<meta property=\"article:modified_time\" content=\"2025-02-15T20:31:06+00:00\" \/>\n<meta property=\"og:image\" content=\"https:\/\/ukiport.fi\/wp-content\/uploads\/2023\/03\/luvat-ja-ohjeet.jpg\" \/>\n\t<meta property=\"og:image:width\" content=\"1200\" \/>\n\t<meta property=\"og:image:height\" content=\"427\" \/>\n\t<meta property=\"og:image:type\" content=\"image\/jpeg\" \/>\n<meta name=\"twitter:card\" content=\"summary_large_image\" \/>\n<meta name=\"twitter:label1\" content=\"Arvioitu lukuaika\" \/>\n\t<meta name=\"twitter:data1\" content=\"1 minuutti\" \/>\n<script type=\"application\/ld+json\" class=\"yoast-schema-graph\">{\"@context\":\"https:\/\/schema.org\",\"@graph\":[{\"@type\":\"WebPage\",\"@id\":\"https:\/\/ukiport.fi\/fi\/luvat-ja-ohjeet\/\",\"url\":\"https:\/\/ukiport.fi\/fi\/luvat-ja-ohjeet\/\",\"name\":\"Luvat ja ohjeet - Uudenkaupungin Satama Oy\",\"isPartOf\":{\"@id\":\"https:\/\/ukiport.fi\/#website\"},\"primaryImageOfPage\":{\"@id\":\"https:\/\/ukiport.fi\/fi\/luvat-ja-ohjeet\/#primaryimage\"},\"image\":{\"@id\":\"https:\/\/ukiport.fi\/fi\/luvat-ja-ohjeet\/#primaryimage\"},\"thumbnailUrl\":\"http:\/\/ukiport.fi\/wp-content\/uploads\/2023\/03\/luvat-ja-ohjeet.jpg\",\"datePublished\":\"2022-02-10T12:51:00+00:00\",\"dateModified\":\"2025-02-15T20:31:06+00:00\",\"description\":\"T\u00e4h\u00e4n osioon olemme ker\u00e4nneet t\u00e4rkeit\u00e4 lupia ja ohjeita satamaan liittyen.\",\"breadcrumb\":{\"@id\":\"https:\/\/ukiport.fi\/fi\/luvat-ja-ohjeet\/#breadcrumb\"},\"inLanguage\":\"fi\",\"potentialAction\":[{\"@type\":\"ReadAction\",\"target\":[\"https:\/\/ukiport.fi\/fi\/luvat-ja-ohjeet\/\"]}]},{\"@type\":\"ImageObject\",\"inLanguage\":\"fi\",\"@id\":\"https:\/\/ukiport.fi\/fi\/luvat-ja-ohjeet\/#primaryimage\",\"url\":\"http:\/\/ukiport.fi\/wp-content\/uploads\/2023\/03\/luvat-ja-ohjeet.jpg\",\"contentUrl\":\"http:\/\/ukiport.fi\/wp-content\/uploads\/2023\/03\/luvat-ja-ohjeet.jpg\"},{\"@type\":\"BreadcrumbList\",\"@id\":\"https:\/\/ukiport.fi\/fi\/luvat-ja-ohjeet\/#breadcrumb\",\"itemListElement\":[{\"@type\":\"ListItem\",\"position\":1,\"name\":\"Etusivu\",\"item\":\"https:\/\/ukiport.fi\/fi\/\"},{\"@type\":\"ListItem\",\"position\":2,\"name\":\"Luvat &#038; ohjeet\"}]},{\"@type\":\"WebSite\",\"@id\":\"https:\/\/ukiport.fi\/#website\",\"url\":\"https:\/\/ukiport.fi\/\",\"name\":\"Uudenkaupungin Satama Oy\",\"description\":\"\",\"publisher\":{\"@id\":\"https:\/\/ukiport.fi\/#organization\"},\"potentialAction\":[{\"@type\":\"SearchAction\",\"target\":{\"@type\":\"EntryPoint\",\"urlTemplate\":\"https:\/\/ukiport.fi\/?s={search_term_string}\"},\"query-input\":{\"@type\":\"PropertyValueSpecification\",\"valueRequired\":true,\"valueName\":\"search_term_string\"}}],\"inLanguage\":\"fi\"},{\"@type\":\"Organization\",\"@id\":\"https:\/\/ukiport.fi\/#organization\",\"name\":\"Uudenkaupungin Satama Oy\",\"url\":\"https:\/\/ukiport.fi\/\",\"logo\":{\"@type\":\"ImageObject\",\"inLanguage\":\"fi\",\"@id\":\"https:\/\/ukiport.fi\/#\/schema\/logo\/image\/\",\"url\":\"https:\/\/ukiport.fi\/wp-content\/uploads\/2023\/03\/logo-fi.png\",\"contentUrl\":\"https:\/\/ukiport.fi\/wp-content\/uploads\/2023\/03\/logo-fi.png\",\"width\":420,\"height\":85,\"caption\":\"Uudenkaupungin Satama Oy\"},\"image\":{\"@id\":\"https:\/\/ukiport.fi\/#\/schema\/logo\/image\/\"}}]}<\/script>\n<!-- \/ Yoast SEO plugin. -->","yoast_head_json":{"title":"Luvat ja ohjeet - Uudenkaupungin Satama Oy","description":"T\u00e4h\u00e4n osioon olemme ker\u00e4nneet t\u00e4rkeit\u00e4 lupia ja ohjeita satamaan liittyen.","robots":{"index":"index","follow":"follow","max-snippet":"max-snippet:-1","max-image-preview":"max-image-preview:large","max-video-preview":"max-video-preview:-1"},"canonical":"https:\/\/ukiport.fi\/fi\/luvat-ja-ohjeet\/","og_locale":"fi_FI","og_type":"article","og_title":"Luvat ja ohjeet - Uudenkaupungin Satama Oy","og_description":"T\u00e4h\u00e4n osioon olemme ker\u00e4nneet t\u00e4rkeit\u00e4 lupia ja ohjeita satamaan liittyen.","og_url":"https:\/\/ukiport.fi\/fi\/luvat-ja-ohjeet\/","og_site_name":"Uudenkaupungin Satama Oy","article_modified_time":"2025-02-15T20:31:06+00:00","og_image":[{"width":1200,"height":427,"url":"https:\/\/ukiport.fi\/wp-content\/uploads\/2023\/03\/luvat-ja-ohjeet.jpg","type":"image\/jpeg"}],"twitter_card":"summary_large_image","twitter_misc":{"Arvioitu lukuaika":"1 minuutti"},"schema":{"@context":"https:\/\/schema.org","@graph":[{"@type":"WebPage","@id":"https:\/\/ukiport.fi\/fi\/luvat-ja-ohjeet\/","url":"https:\/\/ukiport.fi\/fi\/luvat-ja-ohjeet\/","name":"Luvat ja ohjeet - Uudenkaupungin Satama Oy","isPartOf":{"@id":"https:\/\/ukiport.fi\/#website"},"primaryImageOfPage":{"@id":"https:\/\/ukiport.fi\/fi\/luvat-ja-ohjeet\/#primaryimage"},"image":{"@id":"https:\/\/ukiport.fi\/fi\/luvat-ja-ohjeet\/#primaryimage"},"thumbnailUrl":"http:\/\/ukiport.fi\/wp-content\/uploads\/2023\/03\/luvat-ja-ohjeet.jpg","datePublished":"2022-02-10T12:51:00+00:00","dateModified":"2025-02-15T20:31:06+00:00","description":"T\u00e4h\u00e4n osioon olemme ker\u00e4nneet t\u00e4rkeit\u00e4 lupia ja ohjeita satamaan liittyen.","breadcrumb":{"@id":"https:\/\/ukiport.fi\/fi\/luvat-ja-ohjeet\/#breadcrumb"},"inLanguage":"fi","potentialAction":[{"@type":"ReadAction","target":["https:\/\/ukiport.fi\/fi\/luvat-ja-ohjeet\/"]}]},{"@type":"ImageObject","inLanguage":"fi","@id":"https:\/\/ukiport.fi\/fi\/luvat-ja-ohjeet\/#primaryimage","url":"http:\/\/ukiport.fi\/wp-content\/uploads\/2023\/03\/luvat-ja-ohjeet.jpg","contentUrl":"http:\/\/ukiport.fi\/wp-content\/uploads\/2023\/03\/luvat-ja-ohjeet.jpg"},{"@type":"BreadcrumbList","@id":"https:\/\/ukiport.fi\/fi\/luvat-ja-ohjeet\/#breadcrumb","itemListElement":[{"@type":"ListItem","position":1,"name":"Etusivu","item":"https:\/\/ukiport.fi\/fi\/"},{"@type":"ListItem","position":2,"name":"Luvat &#038; ohjeet"}]},{"@type":"WebSite","@id":"https:\/\/ukiport.fi\/#website","url":"https:\/\/ukiport.fi\/","name":"Uudenkaupungin Satama Oy","description":"","publisher":{"@id":"https:\/\/ukiport.fi\/#organization"},"potentialAction":[{"@type":"SearchAction","target":{"@type":"EntryPoint","urlTemplate":"https:\/\/ukiport.fi\/?s={search_term_string}"},"query-input":{"@type":"PropertyValueSpecification","valueRequired":true,"valueName":"search_term_string"}}],"inLanguage":"fi"},{"@type":"Organization","@id":"https:\/\/ukiport.fi\/#organization","name":"Uudenkaupungin Satama Oy","url":"https:\/\/ukiport.fi\/","logo":{"@type":"ImageObject","inLanguage":"fi","@id":"https:\/\/ukiport.fi\/#\/schema\/logo\/image\/","url":"https:\/\/ukiport.fi\/wp-content\/uploads\/2023\/03\/logo-fi.png","contentUrl":"https:\/\/ukiport.fi\/wp-content\/uploads\/2023\/03\/logo-fi.png","width":420,"height":85,"caption":"Uudenkaupungin Satama Oy"},"image":{"@id":"https:\/\/ukiport.fi\/#\/schema\/logo\/image\/"}}]}},"_links":{"self":[{"href":"https:\/\/ukiport.fi\/fi\/wp-json\/wp\/v2\/pages\/304","targetHints":{"allow":["GET"]}}],"collection":[{"href":"https:\/\/ukiport.fi\/fi\/wp-json\/wp\/v2\/pages"}],"about":[{"href":"https:\/\/ukiport.fi\/fi\/wp-json\/wp\/v2\/types\/page"}],"author":[{"embeddable":true,"href":"https:\/\/ukiport.fi\/fi\/wp-json\/wp\/v2\/users\/11"}],"replies":[{"embeddable":true,"href":"https:\/\/ukiport.fi\/fi\/wp-json\/wp\/v2\/comments?post=304"}],"version-history":[{"count":8,"href":"https:\/\/ukiport.fi\/fi\/wp-json\/wp\/v2\/pages\/304\/revisions"}],"predecessor-version":[{"id":1236,"href":"https:\/\/ukiport.fi\/fi\/wp-json\/wp\/v2\/pages\/304\/revisions\/1236"}],"wp:attachment":[{"href":"https:\/\/ukiport.fi\/fi\/wp-json\/wp\/v2\/media?parent=304"}],"curies":[{"name":"wp","href":"https:\/\/api.w.org\/{rel}","templated":true}]}}