{"id":2,"date":"2022-02-10T15:17:00","date_gmt":"2022-02-10T13:17:00","guid":{"rendered":"https:\/\/themes.muffingroup.com\/be\/security3\/?page_id=2"},"modified":"2025-02-15T22:30:25","modified_gmt":"2025-02-15T20:30:25","slug":"home","status":"publish","type":"page","link":"https:\/\/ukiport.fi\/fi\/","title":{"rendered":"Etusivu"},"content":{"rendered":"","protected":false},"excerpt":{"rendered":"","protected":false},"author":11,"featured_media":0,"parent":0,"menu_order":0,"comment_status":"closed","ping_status":"open","template":"","meta":{"footnotes":""},"class_list":["post-2","page","type-page","status-publish","hentry"],"yoast_head":"<!-- This site is optimized with the Yoast SEO plugin v27.1.1 - https:\/\/yoast.com\/product\/yoast-seo-wordpress\/ -->\n<title>Uudenkaupungin Satama Oy - Tervetuloa maalta ja merelt\u00e4!<\/title>\n<meta name=\"description\" content=\"Uudenkaupungin Satama on moderni, tehokas ja tasokas satama. Sataman kehitys on Uudenkaupungin kaupungin t\u00e4rkeimpi\u00e4 prioriteettej\u00e4.\" \/>\n<meta name=\"robots\" content=\"index, follow, max-snippet:-1, max-image-preview:large, max-video-preview:-1\" \/>\n<link rel=\"canonical\" href=\"https:\/\/ukiport.fi\/fi\/\" \/>\n<meta property=\"og:locale\" content=\"fi_FI\" \/>\n<meta property=\"og:type\" content=\"article\" \/>\n<meta property=\"og:title\" content=\"Uudenkaupungin Satama Oy - Tervetuloa maalta ja merelt\u00e4!\" \/>\n<meta property=\"og:description\" content=\"Uudenkaupungin Satama on moderni, tehokas ja tasokas satama. Sataman kehitys on Uudenkaupungin kaupungin t\u00e4rkeimpi\u00e4 prioriteettej\u00e4.\" \/>\n<meta property=\"og:url\" content=\"https:\/\/ukiport.fi\/fi\/\" \/>\n<meta property=\"og:site_name\" content=\"Uudenkaupungin Satama Oy\" \/>\n<meta property=\"article:modified_time\" content=\"2025-02-15T20:30:25+00:00\" \/>\n<meta property=\"og:image\" content=\"https:\/\/ukiport.fi\/wp-content\/uploads\/2025\/02\/slider3.jpg\" \/>\n\t<meta property=\"og:image:width\" content=\"1920\" \/>\n\t<meta property=\"og:image:height\" content=\"1080\" \/>\n\t<meta property=\"og:image:type\" content=\"image\/jpeg\" \/>\n<meta name=\"twitter:card\" content=\"summary_large_image\" \/>\n<meta name=\"twitter:title\" content=\"Uudenkaupungin Satama Oy - Tervetuloa maalta ja merelt\u00e4!\" \/>\n<meta name=\"twitter:description\" content=\"Uudenkaupungin Satama on moderni, tehokas ja tasokas satama. Sataman kehitys on Uudenkaupungin kaupungin t\u00e4rkeimpi\u00e4 prioriteettej\u00e4.\" \/>\n<meta name=\"twitter:image\" content=\"https:\/\/ukiport.fi\/wp-content\/uploads\/2025\/02\/slider3.jpg\" \/>\n<script type=\"application\/ld+json\" class=\"yoast-schema-graph\">{\"@context\":\"https:\/\/schema.org\",\"@graph\":[{\"@type\":\"WebPage\",\"@id\":\"https:\/\/ukiport.fi\/fi\/\",\"url\":\"https:\/\/ukiport.fi\/fi\/\",\"name\":\"Uudenkaupungin Satama Oy - Tervetuloa maalta ja merelt\u00e4!\",\"isPartOf\":{\"@id\":\"https:\/\/ukiport.fi\/#website\"},\"datePublished\":\"2022-02-10T13:17:00+00:00\",\"dateModified\":\"2025-02-15T20:30:25+00:00\",\"description\":\"Uudenkaupungin Satama on moderni, tehokas ja tasokas satama. Sataman kehitys on Uudenkaupungin kaupungin t\u00e4rkeimpi\u00e4 prioriteettej\u00e4.\",\"breadcrumb\":{\"@id\":\"https:\/\/ukiport.fi\/fi\/#breadcrumb\"},\"inLanguage\":\"fi\",\"potentialAction\":[{\"@type\":\"ReadAction\",\"target\":[\"https:\/\/ukiport.fi\/fi\/\"]}]},{\"@type\":\"BreadcrumbList\",\"@id\":\"https:\/\/ukiport.fi\/fi\/#breadcrumb\",\"itemListElement\":[{\"@type\":\"ListItem\",\"position\":1,\"name\":\"Etusivu\",\"item\":\"https:\/\/ukiport.fi\/fi\/\"},{\"@type\":\"ListItem\",\"position\":2,\"name\":\"Etusivu\"}]},{\"@type\":\"WebSite\",\"@id\":\"https:\/\/ukiport.fi\/#website\",\"url\":\"https:\/\/ukiport.fi\/\",\"name\":\"Uudenkaupungin Satama Oy\",\"description\":\"\",\"publisher\":{\"@id\":\"https:\/\/ukiport.fi\/#organization\"},\"potentialAction\":[{\"@type\":\"SearchAction\",\"target\":{\"@type\":\"EntryPoint\",\"urlTemplate\":\"https:\/\/ukiport.fi\/?s={search_term_string}\"},\"query-input\":{\"@type\":\"PropertyValueSpecification\",\"valueRequired\":true,\"valueName\":\"search_term_string\"}}],\"inLanguage\":\"fi\"},{\"@type\":\"Organization\",\"@id\":\"https:\/\/ukiport.fi\/#organization\",\"name\":\"Uudenkaupungin Satama Oy\",\"url\":\"https:\/\/ukiport.fi\/\",\"logo\":{\"@type\":\"ImageObject\",\"inLanguage\":\"fi\",\"@id\":\"https:\/\/ukiport.fi\/#\/schema\/logo\/image\/\",\"url\":\"https:\/\/ukiport.fi\/wp-content\/uploads\/2023\/03\/logo-fi.png\",\"contentUrl\":\"https:\/\/ukiport.fi\/wp-content\/uploads\/2023\/03\/logo-fi.png\",\"width\":420,\"height\":85,\"caption\":\"Uudenkaupungin Satama Oy\"},\"image\":{\"@id\":\"https:\/\/ukiport.fi\/#\/schema\/logo\/image\/\"}}]}<\/script>\n<!-- \/ Yoast SEO plugin. -->","yoast_head_json":{"title":"Uudenkaupungin Satama Oy - Tervetuloa maalta ja merelt\u00e4!","description":"Uudenkaupungin Satama on moderni, tehokas ja tasokas satama. Sataman kehitys on Uudenkaupungin kaupungin t\u00e4rkeimpi\u00e4 prioriteettej\u00e4.","robots":{"index":"index","follow":"follow","max-snippet":"max-snippet:-1","max-image-preview":"max-image-preview:large","max-video-preview":"max-video-preview:-1"},"canonical":"https:\/\/ukiport.fi\/fi\/","og_locale":"fi_FI","og_type":"article","og_title":"Uudenkaupungin Satama Oy - Tervetuloa maalta ja merelt\u00e4!","og_description":"Uudenkaupungin Satama on moderni, tehokas ja tasokas satama. Sataman kehitys on Uudenkaupungin kaupungin t\u00e4rkeimpi\u00e4 prioriteettej\u00e4.","og_url":"https:\/\/ukiport.fi\/fi\/","og_site_name":"Uudenkaupungin Satama Oy","article_modified_time":"2025-02-15T20:30:25+00:00","og_image":[{"width":1920,"height":1080,"url":"https:\/\/ukiport.fi\/wp-content\/uploads\/2025\/02\/slider3.jpg","type":"image\/jpeg"}],"twitter_card":"summary_large_image","twitter_title":"Uudenkaupungin Satama Oy - Tervetuloa maalta ja merelt\u00e4!","twitter_description":"Uudenkaupungin Satama on moderni, tehokas ja tasokas satama. Sataman kehitys on Uudenkaupungin kaupungin t\u00e4rkeimpi\u00e4 prioriteettej\u00e4.","twitter_image":"https:\/\/ukiport.fi\/wp-content\/uploads\/2025\/02\/slider3.jpg","schema":{"@context":"https:\/\/schema.org","@graph":[{"@type":"WebPage","@id":"https:\/\/ukiport.fi\/fi\/","url":"https:\/\/ukiport.fi\/fi\/","name":"Uudenkaupungin Satama Oy - Tervetuloa maalta ja merelt\u00e4!","isPartOf":{"@id":"https:\/\/ukiport.fi\/#website"},"datePublished":"2022-02-10T13:17:00+00:00","dateModified":"2025-02-15T20:30:25+00:00","description":"Uudenkaupungin Satama on moderni, tehokas ja tasokas satama. Sataman kehitys on Uudenkaupungin kaupungin t\u00e4rkeimpi\u00e4 prioriteettej\u00e4.","breadcrumb":{"@id":"https:\/\/ukiport.fi\/fi\/#breadcrumb"},"inLanguage":"fi","potentialAction":[{"@type":"ReadAction","target":["https:\/\/ukiport.fi\/fi\/"]}]},{"@type":"BreadcrumbList","@id":"https:\/\/ukiport.fi\/fi\/#breadcrumb","itemListElement":[{"@type":"ListItem","position":1,"name":"Etusivu","item":"https:\/\/ukiport.fi\/fi\/"},{"@type":"ListItem","position":2,"name":"Etusivu"}]},{"@type":"WebSite","@id":"https:\/\/ukiport.fi\/#website","url":"https:\/\/ukiport.fi\/","name":"Uudenkaupungin Satama Oy","description":"","publisher":{"@id":"https:\/\/ukiport.fi\/#organization"},"potentialAction":[{"@type":"SearchAction","target":{"@type":"EntryPoint","urlTemplate":"https:\/\/ukiport.fi\/?s={search_term_string}"},"query-input":{"@type":"PropertyValueSpecification","valueRequired":true,"valueName":"search_term_string"}}],"inLanguage":"fi"},{"@type":"Organization","@id":"https:\/\/ukiport.fi\/#organization","name":"Uudenkaupungin Satama Oy","url":"https:\/\/ukiport.fi\/","logo":{"@type":"ImageObject","inLanguage":"fi","@id":"https:\/\/ukiport.fi\/#\/schema\/logo\/image\/","url":"https:\/\/ukiport.fi\/wp-content\/uploads\/2023\/03\/logo-fi.png","contentUrl":"https:\/\/ukiport.fi\/wp-content\/uploads\/2023\/03\/logo-fi.png","width":420,"height":85,"caption":"Uudenkaupungin Satama Oy"},"image":{"@id":"https:\/\/ukiport.fi\/#\/schema\/logo\/image\/"}}]}},"_links":{"self":[{"href":"https:\/\/ukiport.fi\/fi\/wp-json\/wp\/v2\/pages\/2","targetHints":{"allow":["GET"]}}],"collection":[{"href":"https:\/\/ukiport.fi\/fi\/wp-json\/wp\/v2\/pages"}],"about":[{"href":"https:\/\/ukiport.fi\/fi\/wp-json\/wp\/v2\/types\/page"}],"author":[{"embeddable":true,"href":"https:\/\/ukiport.fi\/fi\/wp-json\/wp\/v2\/users\/11"}],"replies":[{"embeddable":true,"href":"https:\/\/ukiport.fi\/fi\/wp-json\/wp\/v2\/comments?post=2"}],"version-history":[{"count":2,"href":"https:\/\/ukiport.fi\/fi\/wp-json\/wp\/v2\/pages\/2\/revisions"}],"predecessor-version":[{"id":1049,"href":"https:\/\/ukiport.fi\/fi\/wp-json\/wp\/v2\/pages\/2\/revisions\/1049"}],"wp:attachment":[{"href":"https:\/\/ukiport.fi\/fi\/wp-json\/wp\/v2\/media?parent=2"}],"curies":[{"name":"wp","href":"https:\/\/api.w.org\/{rel}","templated":true}]}}