{"id":1280,"date":"2023-03-23T19:15:24","date_gmt":"2023-03-23T17:15:24","guid":{"rendered":"http:\/\/ukiport.fi\/?page_id=1280"},"modified":"2026-01-22T10:11:02","modified_gmt":"2026-01-22T08:11:02","slug":"ohjeet","status":"publish","type":"page","link":"https:\/\/ukiport.fi\/fi\/ohjeet\/","title":{"rendered":"Ohjeet"},"content":{"rendered":"<h2>Ohjeet<\/h2>\n<p>Ohessa on koottuna Uudenkaupungin Satama Oy:n hy\u00f6dyllisi\u00e4 lomakkeita.<\/p>\n<hr \/>\n<h4>Satama-alueen kartta<\/h4>\n<a class=\"button nappi has-icon button_left button_size_2 button_dark\"  href=\"http:\/\/ukiport.fi\/wp-content\/uploads\/2025\/01\/satamakartta_2024.pdf\" target=\"_blank\"   ><span class=\"button_icon\"><i class=\"fas fa-file-pdf\"  aria-hidden=\"true\"><\/i><\/span><span class=\"button_label\">Lataa kartta t\u00e4st\u00e4<\/span><\/a>\n\n<hr \/>\n<h4>Turvallisuusohjeet<\/h4>\n<p>T\u00e4st\u00e4 voit ladata Uudenkaupungin Satama Oy:n turvallisuusohjeet:<\/p>\n<a class=\"button nappi has-icon button_left button_size_2 button_dark\"  href=\"http:\/\/ukiport.fi\/wp-content\/uploads\/2025\/01\/Ukiport_Turvallisuusopas_2024.pdf\" target=\"_blank\"   ><span class=\"button_icon\"><i class=\"fas fa-file-pdf\"  aria-hidden=\"true\"><\/i><\/span><span class=\"button_label\">Lataa turvallisuusohjeet<\/span><\/a>\n\n<hr \/>\n<h4>Satamaj\u00e4rjestys<\/h4>\n<p><strong>T\u00e4m\u00e4 satamaj\u00e4rjestys t\u00e4ydent\u00e4\u00e4 voimassa olevia lakeja ja muita s\u00e4\u00e4d\u00f6ksi\u00e4.<\/strong><\/p>\n<p>Satamaj\u00e4rjestyksen m\u00e4\u00e4r\u00e4yksi\u00e4 ja ohjeita noudatetaan Uudenkaupungin Satama Oy:n hallinnoimalla alueella. Satama-alueen rajat on merkitty ohessa olevan asiakirjassa olevaan karttaan.<\/p>\n<a class=\"button nappi has-icon button_left button_size_2 button_dark\"  href=\"https:\/\/ukiport.fi\/wp-content\/uploads\/2025\/11\/Ukiport_Satamajarjestys-1.pdf\" target=\"_blank\"   ><span class=\"button_icon\"><i class=\"fas fa-file-pdf\"  aria-hidden=\"true\"><\/i><\/span><span class=\"button_label\">Lataa satamaj\u00e4rjestys t\u00e4st\u00e4<\/span><\/a>\n\n<hr \/>\n<h4>J\u00e4tehuoltosuunnitelma<\/h4>\n<p>Allaolevasta linkist\u00e4 voit ladata j\u00e4tehuoltosuunnitelmamme:<\/p>\n<a class=\"button nappi has-icon button_left button_size_2 button_dark\"  href=\"https:\/\/ukiport.fi\/wp-content\/uploads\/2025\/12\/Ukiport_Jatehuoltosuunnitelma.pdf\" target=\"_blank\"   ><span class=\"button_icon\"><i class=\"fas fa-file-pdf\"  aria-hidden=\"true\"><\/i><\/span><span class=\"button_label\">Lataa j\u00e4tehuoltosuunnitelma<\/span><\/a>\n\n<hr \/>\n<h4>J\u00e4tehuolto-ohje<\/h4>\n<p>Allaolevasta linkist\u00e4 voit ladata j\u00e4tehuolto-ohjeemme:<\/p>\n<a class=\"button nappi has-icon button_left button_size_2 button_dark\"  href=\"https:\/\/ukiport.fi\/wp-content\/uploads\/2025\/02\/Ukiport_Jatehuolto-ohje_2025.pdf\" target=\"_blank\"   ><span class=\"button_icon\"><i class=\"fas fa-file-pdf\"  aria-hidden=\"true\"><\/i><\/span><span class=\"button_label\">Lataa j\u00e4tehuolto-ohje<\/span><\/a>\n\n<hr \/>\n<h4 class=\"subject\">It\u00e4meren j\u00e4temaksutiedot<\/h4>\n<p>Allaolevasta linkist\u00e4 voit ladata it\u00e4meren j\u00e4temaksutiedot (Huom! tiedot ovat englanniksi):<\/p>\n<a class=\"button nappi has-icon button_left button_size_2 button_dark\"  href=\"http:\/\/ukiport.fi\/wp-content\/uploads\/2023\/03\/BalticSeaWasteFee-info_Port-of-Uusikaupunki_202110.pdf\" target=\"_blank\"   ><span class=\"button_icon\"><i class=\"fas fa-file-pdf\"  aria-hidden=\"true\"><\/i><\/span><span class=\"button_label\">Lataa tiedot t\u00e4st\u00e4<\/span><\/a>\n\n<hr \/>\n<h4>Rautatie<\/h4>\n<div class=\"row\">\n<div class=\"col-lg-12 col-md-12 col-sm-12\">\n<p>Alla olevasta linkist\u00e4 voit ladata Uudenkaupungin Satama Oy:n palvelupaikan kuvauksen<\/p>\n<\/div>\n<\/div>\n<a class=\"button nappi has-icon button_left button_size_2 button_dark\"  href=\"http:\/\/ukiport.fi\/wp-content\/uploads\/2025\/01\/Ukiport_PalvelupaikanKuvaus.pdf\" target=\"_blank\"   ><span class=\"button_icon\"><i class=\"fas fa-file-pdf\"  aria-hidden=\"true\"><\/i><\/span><span class=\"button_label\">Lataa palvelupaikan kuvaus<\/span><\/a>\n\n<hr \/>\n<h4>Raiteistokaavio<\/h4>\n<p>Alla olevasta linkist\u00e4 voit ladata Uudenkaupungin Satama Oy:n raiteistokaavion:<\/p>\n<a class=\"button nappi has-icon button_left button_size_2 button_dark\"  href=\"http:\/\/ukiport.fi\/wp-content\/uploads\/2023\/03\/Raiteiskokaavio_Uudenkaupungin_Satama_Oy-v01.pdf\" target=\"_blank\"   ><span class=\"button_icon\"><i class=\"fas fa-file-pdf\"  aria-hidden=\"true\"><\/i><\/span><span class=\"button_label\">Lataa raiteistokaavio<\/span><\/a>\n\n<hr \/>\n<h4 class=\"subject\">Vaihto- ja rataty\u00f6n turvallisuusohje<\/h4>\n<p>Alla olevasta linkist\u00e4 voit ladata vaihto- ja rataty\u00f6n turvallisuusohjeen:<\/p>\n<a class=\"button nappi has-icon button_left button_size_2 button_dark\"  href=\"http:\/\/ukiport.fi\/wp-content\/uploads\/2025\/01\/Ukiport_Vaihto-ja-ratatyon-turvallisuusohje.pdf\" target=\"_blank\"   ><span class=\"button_icon\"><i class=\"fas fa-file-pdf\"  aria-hidden=\"true\"><\/i><\/span><span class=\"button_label\">Lataa turvallisuusohje<\/span><\/a>\n\n<hr \/>\n<h3>Venesatamaohjeet<\/h3>\n<p class=\"v1MsoNormal\">Venesatamaohjeet koskevat kaikkia kaupungin venesatama- ja talvis\u00e4ilytysalueita.<\/p>\n<p class=\"v1MsoNormal\">Ohjeiden noudattamista valvoo Uudenkaupungin Satama Oy, jonka antamia ohjeita on kaikkien alueella toimivien noudatettava.<\/p>\n<a class=\"button nappi has-icon button_left button_size_2 button_dark\"  href=\"https:\/\/ukiport.fi\/wp-content\/uploads\/2026\/01\/Venesatamaohjeet-2025-1.pdf\" target=\"_blank\"   ><span class=\"button_icon\"><i class=\"fas fa-file-pdf\"  aria-hidden=\"true\"><\/i><\/span><span class=\"button_label\">Lataa venesatamaohjeet t\u00e4st\u00e4<\/span><\/a>\n\n<hr \/>\n<h3>Master&#8217;s Guide<\/h3>\n<p>Varmista sujuva satamak\u00e4yntisi.<\/p>\n<a class=\"button nappi button_size_2 button_dark\"  href=\"https:\/\/mastersguide.fintraffic.fi\/en\/welcome-uusikaupunki-hepokari\" target=\"_blank\"   ><span class=\"button_label\">Lue lis\u00e4\u00e4<\/span><\/a>\n\n","protected":false},"excerpt":{"rendered":"<p>Ohjeet Ohessa on koottuna Uudenkaupungin Satama Oy:n hy\u00f6dyllisi\u00e4 lomakkeita. Satama-alueen kartta Turvallisuusohjeet T\u00e4st\u00e4 voit<span class=\"excerpt-hellip\"> [\u2026]<\/span><\/p>\n","protected":false},"author":11,"featured_media":0,"parent":0,"menu_order":0,"comment_status":"closed","ping_status":"closed","template":"","meta":{"footnotes":""},"class_list":["post-1280","page","type-page","status-publish","hentry"],"yoast_head":"<!-- This site is optimized with the Yoast SEO plugin v27.1.1 - https:\/\/yoast.com\/product\/yoast-seo-wordpress\/ -->\n<title>Ohjeet - Uudenkaupungin Satama Oy<\/title>\n<meta name=\"description\" content=\"T\u00e4ll\u00e4 sivulla on koottuna Uudenkaupungin Satama Oy:n hy\u00f6dyllisi\u00e4 lomakkeita.\" \/>\n<meta name=\"robots\" content=\"index, follow, max-snippet:-1, max-image-preview:large, max-video-preview:-1\" \/>\n<link rel=\"canonical\" href=\"https:\/\/ukiport.fi\/fi\/ohjeet\/\" \/>\n<meta property=\"og:locale\" content=\"fi_FI\" \/>\n<meta property=\"og:type\" content=\"article\" \/>\n<meta property=\"og:title\" content=\"Ohjeet - Uudenkaupungin Satama Oy\" \/>\n<meta property=\"og:description\" content=\"T\u00e4ll\u00e4 sivulla on koottuna Uudenkaupungin Satama Oy:n hy\u00f6dyllisi\u00e4 lomakkeita.\" \/>\n<meta property=\"og:url\" content=\"https:\/\/ukiport.fi\/fi\/ohjeet\/\" \/>\n<meta property=\"og:site_name\" content=\"Uudenkaupungin Satama Oy\" \/>\n<meta property=\"article:modified_time\" content=\"2026-01-22T08:11:02+00:00\" \/>\n<meta name=\"twitter:card\" content=\"summary_large_image\" \/>\n<meta name=\"twitter:label1\" content=\"Arvioitu lukuaika\" \/>\n\t<meta name=\"twitter:data1\" content=\"2 minuuttia\" \/>\n<script type=\"application\/ld+json\" class=\"yoast-schema-graph\">{\"@context\":\"https:\/\/schema.org\",\"@graph\":[{\"@type\":\"WebPage\",\"@id\":\"https:\/\/ukiport.fi\/fi\/ohjeet\/\",\"url\":\"https:\/\/ukiport.fi\/fi\/ohjeet\/\",\"name\":\"Ohjeet - Uudenkaupungin Satama Oy\",\"isPartOf\":{\"@id\":\"https:\/\/ukiport.fi\/#website\"},\"datePublished\":\"2023-03-23T17:15:24+00:00\",\"dateModified\":\"2026-01-22T08:11:02+00:00\",\"description\":\"T\u00e4ll\u00e4 sivulla on koottuna Uudenkaupungin Satama Oy:n hy\u00f6dyllisi\u00e4 lomakkeita.\",\"breadcrumb\":{\"@id\":\"https:\/\/ukiport.fi\/fi\/ohjeet\/#breadcrumb\"},\"inLanguage\":\"fi\",\"potentialAction\":[{\"@type\":\"ReadAction\",\"target\":[\"https:\/\/ukiport.fi\/fi\/ohjeet\/\"]}]},{\"@type\":\"BreadcrumbList\",\"@id\":\"https:\/\/ukiport.fi\/fi\/ohjeet\/#breadcrumb\",\"itemListElement\":[{\"@type\":\"ListItem\",\"position\":1,\"name\":\"Etusivu\",\"item\":\"https:\/\/ukiport.fi\/fi\/\"},{\"@type\":\"ListItem\",\"position\":2,\"name\":\"Ohjeet\"}]},{\"@type\":\"WebSite\",\"@id\":\"https:\/\/ukiport.fi\/#website\",\"url\":\"https:\/\/ukiport.fi\/\",\"name\":\"Uudenkaupungin Satama Oy\",\"description\":\"\",\"publisher\":{\"@id\":\"https:\/\/ukiport.fi\/#organization\"},\"potentialAction\":[{\"@type\":\"SearchAction\",\"target\":{\"@type\":\"EntryPoint\",\"urlTemplate\":\"https:\/\/ukiport.fi\/?s={search_term_string}\"},\"query-input\":{\"@type\":\"PropertyValueSpecification\",\"valueRequired\":true,\"valueName\":\"search_term_string\"}}],\"inLanguage\":\"fi\"},{\"@type\":\"Organization\",\"@id\":\"https:\/\/ukiport.fi\/#organization\",\"name\":\"Uudenkaupungin Satama Oy\",\"url\":\"https:\/\/ukiport.fi\/\",\"logo\":{\"@type\":\"ImageObject\",\"inLanguage\":\"fi\",\"@id\":\"https:\/\/ukiport.fi\/#\/schema\/logo\/image\/\",\"url\":\"https:\/\/ukiport.fi\/wp-content\/uploads\/2023\/03\/logo-fi.png\",\"contentUrl\":\"https:\/\/ukiport.fi\/wp-content\/uploads\/2023\/03\/logo-fi.png\",\"width\":420,\"height\":85,\"caption\":\"Uudenkaupungin Satama Oy\"},\"image\":{\"@id\":\"https:\/\/ukiport.fi\/#\/schema\/logo\/image\/\"}}]}<\/script>\n<!-- \/ Yoast SEO plugin. -->","yoast_head_json":{"title":"Ohjeet - Uudenkaupungin Satama Oy","description":"T\u00e4ll\u00e4 sivulla on koottuna Uudenkaupungin Satama Oy:n hy\u00f6dyllisi\u00e4 lomakkeita.","robots":{"index":"index","follow":"follow","max-snippet":"max-snippet:-1","max-image-preview":"max-image-preview:large","max-video-preview":"max-video-preview:-1"},"canonical":"https:\/\/ukiport.fi\/fi\/ohjeet\/","og_locale":"fi_FI","og_type":"article","og_title":"Ohjeet - Uudenkaupungin Satama Oy","og_description":"T\u00e4ll\u00e4 sivulla on koottuna Uudenkaupungin Satama Oy:n hy\u00f6dyllisi\u00e4 lomakkeita.","og_url":"https:\/\/ukiport.fi\/fi\/ohjeet\/","og_site_name":"Uudenkaupungin Satama Oy","article_modified_time":"2026-01-22T08:11:02+00:00","twitter_card":"summary_large_image","twitter_misc":{"Arvioitu lukuaika":"2 minuuttia"},"schema":{"@context":"https:\/\/schema.org","@graph":[{"@type":"WebPage","@id":"https:\/\/ukiport.fi\/fi\/ohjeet\/","url":"https:\/\/ukiport.fi\/fi\/ohjeet\/","name":"Ohjeet - Uudenkaupungin Satama Oy","isPartOf":{"@id":"https:\/\/ukiport.fi\/#website"},"datePublished":"2023-03-23T17:15:24+00:00","dateModified":"2026-01-22T08:11:02+00:00","description":"T\u00e4ll\u00e4 sivulla on koottuna Uudenkaupungin Satama Oy:n hy\u00f6dyllisi\u00e4 lomakkeita.","breadcrumb":{"@id":"https:\/\/ukiport.fi\/fi\/ohjeet\/#breadcrumb"},"inLanguage":"fi","potentialAction":[{"@type":"ReadAction","target":["https:\/\/ukiport.fi\/fi\/ohjeet\/"]}]},{"@type":"BreadcrumbList","@id":"https:\/\/ukiport.fi\/fi\/ohjeet\/#breadcrumb","itemListElement":[{"@type":"ListItem","position":1,"name":"Etusivu","item":"https:\/\/ukiport.fi\/fi\/"},{"@type":"ListItem","position":2,"name":"Ohjeet"}]},{"@type":"WebSite","@id":"https:\/\/ukiport.fi\/#website","url":"https:\/\/ukiport.fi\/","name":"Uudenkaupungin Satama Oy","description":"","publisher":{"@id":"https:\/\/ukiport.fi\/#organization"},"potentialAction":[{"@type":"SearchAction","target":{"@type":"EntryPoint","urlTemplate":"https:\/\/ukiport.fi\/?s={search_term_string}"},"query-input":{"@type":"PropertyValueSpecification","valueRequired":true,"valueName":"search_term_string"}}],"inLanguage":"fi"},{"@type":"Organization","@id":"https:\/\/ukiport.fi\/#organization","name":"Uudenkaupungin Satama Oy","url":"https:\/\/ukiport.fi\/","logo":{"@type":"ImageObject","inLanguage":"fi","@id":"https:\/\/ukiport.fi\/#\/schema\/logo\/image\/","url":"https:\/\/ukiport.fi\/wp-content\/uploads\/2023\/03\/logo-fi.png","contentUrl":"https:\/\/ukiport.fi\/wp-content\/uploads\/2023\/03\/logo-fi.png","width":420,"height":85,"caption":"Uudenkaupungin Satama Oy"},"image":{"@id":"https:\/\/ukiport.fi\/#\/schema\/logo\/image\/"}}]}},"_links":{"self":[{"href":"https:\/\/ukiport.fi\/fi\/wp-json\/wp\/v2\/pages\/1280","targetHints":{"allow":["GET"]}}],"collection":[{"href":"https:\/\/ukiport.fi\/fi\/wp-json\/wp\/v2\/pages"}],"about":[{"href":"https:\/\/ukiport.fi\/fi\/wp-json\/wp\/v2\/types\/page"}],"author":[{"embeddable":true,"href":"https:\/\/ukiport.fi\/fi\/wp-json\/wp\/v2\/users\/11"}],"replies":[{"embeddable":true,"href":"https:\/\/ukiport.fi\/fi\/wp-json\/wp\/v2\/comments?post=1280"}],"version-history":[{"count":16,"href":"https:\/\/ukiport.fi\/fi\/wp-json\/wp\/v2\/pages\/1280\/revisions"}],"predecessor-version":[{"id":1489,"href":"https:\/\/ukiport.fi\/fi\/wp-json\/wp\/v2\/pages\/1280\/revisions\/1489"}],"wp:attachment":[{"href":"https:\/\/ukiport.fi\/fi\/wp-json\/wp\/v2\/media?parent=1280"}],"curies":[{"name":"wp","href":"https:\/\/api.w.org\/{rel}","templated":true}]}}