{"id":1276,"date":"2023-03-23T19:07:18","date_gmt":"2023-03-23T17:07:18","guid":{"rendered":"http:\/\/ukiport.fi\/?page_id=1276"},"modified":"2025-02-15T22:39:05","modified_gmt":"2025-02-15T20:39:05","slug":"saa-satamassa","status":"publish","type":"page","link":"https:\/\/ukiport.fi\/fi\/saa-satamassa\/","title":{"rendered":"S\u00e4\u00e4 satamassa"},"content":{"rendered":"<h2>S\u00e4\u00e4 satamassa<\/h2>\n<p>S\u00e4\u00e4aseman tietoja voi katsoa <a href=\"https:\/\/www.weatherlink.com\/map\/shared\/erMBc6yWAsnm1YR9NWYYfD2N1wJyDMtk\" target=\"_blank\" rel=\"noopener noreferrer\"><strong>Weatherlink\u00a9 \u2013 palvelusta<\/strong><\/a> tai k\u00e4ytt\u00e4m\u00e4ll\u00e4 mobiilisovellusta. Kirjoita hakukentt\u00e4\u00e4n stationiksi &#8221;Hepokari&#8221;. Huom! J\u00e4rjestelm\u00e4 vaatii kirjautumisen<\/p>\n<a class=\"button nappi button_size_2 button_dark\"  href=\"https:\/\/www.weatherlink.com\/map\/shared\/erMBc6yWAsnm1YR9NWYYfD2N1wJyDMtk\" target=\"_blank\"   ><span class=\"button_label\">Siirry palveluun t\u00e4st\u00e4<\/span><\/a>\n\n","protected":false},"excerpt":{"rendered":"<p>S\u00e4\u00e4 satamassa S\u00e4\u00e4aseman tietoja voi katsoa Weatherlink\u00a9 \u2013 palvelusta tai k\u00e4ytt\u00e4m\u00e4ll\u00e4 mobiilisovellusta. Kirjoita hakukentt\u00e4\u00e4n<span class=\"excerpt-hellip\"> [\u2026]<\/span><\/p>\n","protected":false},"author":11,"featured_media":0,"parent":0,"menu_order":0,"comment_status":"closed","ping_status":"closed","template":"","meta":{"footnotes":""},"class_list":["post-1276","page","type-page","status-publish","hentry"],"yoast_head":"<!-- This site is optimized with the Yoast SEO plugin v27.1.1 - https:\/\/yoast.com\/product\/yoast-seo-wordpress\/ -->\n<title>S\u00e4\u00e4 satamassa - Uudenkaupungin Satama Oy<\/title>\n<meta name=\"description\" content=\"S\u00e4\u00e4aseman tietoja voi katsoa Weatherlink\u00a9 \u2013 palvelusta tai k\u00e4ytt\u00e4m\u00e4ll\u00e4 mobiilisovellusta.\" \/>\n<meta name=\"robots\" content=\"index, follow, max-snippet:-1, max-image-preview:large, max-video-preview:-1\" \/>\n<link rel=\"canonical\" href=\"https:\/\/ukiport.fi\/fi\/saa-satamassa\/\" \/>\n<meta property=\"og:locale\" content=\"fi_FI\" \/>\n<meta property=\"og:type\" content=\"article\" \/>\n<meta property=\"og:title\" content=\"S\u00e4\u00e4 satamassa - Uudenkaupungin Satama Oy\" \/>\n<meta property=\"og:description\" content=\"S\u00e4\u00e4aseman tietoja voi katsoa Weatherlink\u00a9 \u2013 palvelusta tai k\u00e4ytt\u00e4m\u00e4ll\u00e4 mobiilisovellusta.\" \/>\n<meta property=\"og:url\" content=\"https:\/\/ukiport.fi\/fi\/saa-satamassa\/\" \/>\n<meta property=\"og:site_name\" content=\"Uudenkaupungin Satama Oy\" \/>\n<meta property=\"article:modified_time\" content=\"2025-02-15T20:39:05+00:00\" \/>\n<meta name=\"twitter:card\" content=\"summary_large_image\" \/>\n<meta name=\"twitter:label1\" content=\"Arvioitu lukuaika\" \/>\n\t<meta name=\"twitter:data1\" content=\"1 minuutti\" \/>\n<script type=\"application\/ld+json\" class=\"yoast-schema-graph\">{\"@context\":\"https:\/\/schema.org\",\"@graph\":[{\"@type\":\"WebPage\",\"@id\":\"https:\/\/ukiport.fi\/fi\/saa-satamassa\/\",\"url\":\"https:\/\/ukiport.fi\/fi\/saa-satamassa\/\",\"name\":\"S\u00e4\u00e4 satamassa - Uudenkaupungin Satama Oy\",\"isPartOf\":{\"@id\":\"https:\/\/ukiport.fi\/#website\"},\"datePublished\":\"2023-03-23T17:07:18+00:00\",\"dateModified\":\"2025-02-15T20:39:05+00:00\",\"description\":\"S\u00e4\u00e4aseman tietoja voi katsoa Weatherlink\u00a9 \u2013 palvelusta tai k\u00e4ytt\u00e4m\u00e4ll\u00e4 mobiilisovellusta.\",\"breadcrumb\":{\"@id\":\"https:\/\/ukiport.fi\/fi\/saa-satamassa\/#breadcrumb\"},\"inLanguage\":\"fi\",\"potentialAction\":[{\"@type\":\"ReadAction\",\"target\":[\"https:\/\/ukiport.fi\/fi\/saa-satamassa\/\"]}]},{\"@type\":\"BreadcrumbList\",\"@id\":\"https:\/\/ukiport.fi\/fi\/saa-satamassa\/#breadcrumb\",\"itemListElement\":[{\"@type\":\"ListItem\",\"position\":1,\"name\":\"Etusivu\",\"item\":\"https:\/\/ukiport.fi\/fi\/\"},{\"@type\":\"ListItem\",\"position\":2,\"name\":\"S\u00e4\u00e4 satamassa\"}]},{\"@type\":\"WebSite\",\"@id\":\"https:\/\/ukiport.fi\/#website\",\"url\":\"https:\/\/ukiport.fi\/\",\"name\":\"Uudenkaupungin Satama Oy\",\"description\":\"\",\"publisher\":{\"@id\":\"https:\/\/ukiport.fi\/#organization\"},\"potentialAction\":[{\"@type\":\"SearchAction\",\"target\":{\"@type\":\"EntryPoint\",\"urlTemplate\":\"https:\/\/ukiport.fi\/?s={search_term_string}\"},\"query-input\":{\"@type\":\"PropertyValueSpecification\",\"valueRequired\":true,\"valueName\":\"search_term_string\"}}],\"inLanguage\":\"fi\"},{\"@type\":\"Organization\",\"@id\":\"https:\/\/ukiport.fi\/#organization\",\"name\":\"Uudenkaupungin Satama Oy\",\"url\":\"https:\/\/ukiport.fi\/\",\"logo\":{\"@type\":\"ImageObject\",\"inLanguage\":\"fi\",\"@id\":\"https:\/\/ukiport.fi\/#\/schema\/logo\/image\/\",\"url\":\"https:\/\/ukiport.fi\/wp-content\/uploads\/2023\/03\/logo-fi.png\",\"contentUrl\":\"https:\/\/ukiport.fi\/wp-content\/uploads\/2023\/03\/logo-fi.png\",\"width\":420,\"height\":85,\"caption\":\"Uudenkaupungin Satama Oy\"},\"image\":{\"@id\":\"https:\/\/ukiport.fi\/#\/schema\/logo\/image\/\"}}]}<\/script>\n<!-- \/ Yoast SEO plugin. -->","yoast_head_json":{"title":"S\u00e4\u00e4 satamassa - Uudenkaupungin Satama Oy","description":"S\u00e4\u00e4aseman tietoja voi katsoa Weatherlink\u00a9 \u2013 palvelusta tai k\u00e4ytt\u00e4m\u00e4ll\u00e4 mobiilisovellusta.","robots":{"index":"index","follow":"follow","max-snippet":"max-snippet:-1","max-image-preview":"max-image-preview:large","max-video-preview":"max-video-preview:-1"},"canonical":"https:\/\/ukiport.fi\/fi\/saa-satamassa\/","og_locale":"fi_FI","og_type":"article","og_title":"S\u00e4\u00e4 satamassa - Uudenkaupungin Satama Oy","og_description":"S\u00e4\u00e4aseman tietoja voi katsoa Weatherlink\u00a9 \u2013 palvelusta tai k\u00e4ytt\u00e4m\u00e4ll\u00e4 mobiilisovellusta.","og_url":"https:\/\/ukiport.fi\/fi\/saa-satamassa\/","og_site_name":"Uudenkaupungin Satama Oy","article_modified_time":"2025-02-15T20:39:05+00:00","twitter_card":"summary_large_image","twitter_misc":{"Arvioitu lukuaika":"1 minuutti"},"schema":{"@context":"https:\/\/schema.org","@graph":[{"@type":"WebPage","@id":"https:\/\/ukiport.fi\/fi\/saa-satamassa\/","url":"https:\/\/ukiport.fi\/fi\/saa-satamassa\/","name":"S\u00e4\u00e4 satamassa - Uudenkaupungin Satama Oy","isPartOf":{"@id":"https:\/\/ukiport.fi\/#website"},"datePublished":"2023-03-23T17:07:18+00:00","dateModified":"2025-02-15T20:39:05+00:00","description":"S\u00e4\u00e4aseman tietoja voi katsoa Weatherlink\u00a9 \u2013 palvelusta tai k\u00e4ytt\u00e4m\u00e4ll\u00e4 mobiilisovellusta.","breadcrumb":{"@id":"https:\/\/ukiport.fi\/fi\/saa-satamassa\/#breadcrumb"},"inLanguage":"fi","potentialAction":[{"@type":"ReadAction","target":["https:\/\/ukiport.fi\/fi\/saa-satamassa\/"]}]},{"@type":"BreadcrumbList","@id":"https:\/\/ukiport.fi\/fi\/saa-satamassa\/#breadcrumb","itemListElement":[{"@type":"ListItem","position":1,"name":"Etusivu","item":"https:\/\/ukiport.fi\/fi\/"},{"@type":"ListItem","position":2,"name":"S\u00e4\u00e4 satamassa"}]},{"@type":"WebSite","@id":"https:\/\/ukiport.fi\/#website","url":"https:\/\/ukiport.fi\/","name":"Uudenkaupungin Satama Oy","description":"","publisher":{"@id":"https:\/\/ukiport.fi\/#organization"},"potentialAction":[{"@type":"SearchAction","target":{"@type":"EntryPoint","urlTemplate":"https:\/\/ukiport.fi\/?s={search_term_string}"},"query-input":{"@type":"PropertyValueSpecification","valueRequired":true,"valueName":"search_term_string"}}],"inLanguage":"fi"},{"@type":"Organization","@id":"https:\/\/ukiport.fi\/#organization","name":"Uudenkaupungin Satama Oy","url":"https:\/\/ukiport.fi\/","logo":{"@type":"ImageObject","inLanguage":"fi","@id":"https:\/\/ukiport.fi\/#\/schema\/logo\/image\/","url":"https:\/\/ukiport.fi\/wp-content\/uploads\/2023\/03\/logo-fi.png","contentUrl":"https:\/\/ukiport.fi\/wp-content\/uploads\/2023\/03\/logo-fi.png","width":420,"height":85,"caption":"Uudenkaupungin Satama Oy"},"image":{"@id":"https:\/\/ukiport.fi\/#\/schema\/logo\/image\/"}}]}},"_links":{"self":[{"href":"https:\/\/ukiport.fi\/fi\/wp-json\/wp\/v2\/pages\/1276","targetHints":{"allow":["GET"]}}],"collection":[{"href":"https:\/\/ukiport.fi\/fi\/wp-json\/wp\/v2\/pages"}],"about":[{"href":"https:\/\/ukiport.fi\/fi\/wp-json\/wp\/v2\/types\/page"}],"author":[{"embeddable":true,"href":"https:\/\/ukiport.fi\/fi\/wp-json\/wp\/v2\/users\/11"}],"replies":[{"embeddable":true,"href":"https:\/\/ukiport.fi\/fi\/wp-json\/wp\/v2\/comments?post=1276"}],"version-history":[{"count":3,"href":"https:\/\/ukiport.fi\/fi\/wp-json\/wp\/v2\/pages\/1276\/revisions"}],"predecessor-version":[{"id":1378,"href":"https:\/\/ukiport.fi\/fi\/wp-json\/wp\/v2\/pages\/1276\/revisions\/1378"}],"wp:attachment":[{"href":"https:\/\/ukiport.fi\/fi\/wp-json\/wp\/v2\/media?parent=1276"}],"curies":[{"name":"wp","href":"https:\/\/api.w.org\/{rel}","templated":true}]}}