{"id":1036,"date":"2022-06-13T15:58:23","date_gmt":"2022-06-13T12:58:23","guid":{"rendered":"http:\/\/ukiport.fi\/?page_id=1036"},"modified":"2025-02-15T22:37:29","modified_gmt":"2025-02-15T20:37:29","slug":"sertifikaatit","status":"publish","type":"page","link":"https:\/\/ukiport.fi\/fi\/luvat-ja-ohjeet\/sertifikaatit\/","title":{"rendered":"Sertifikaatit"},"content":{"rendered":"<h2>Sertifikaatit<\/h2>\n<p><strong>Sataman toiminta pohjautuu s<span class=\"v1normaltextrun\">ertifioituun johtamisj\u00e4rjestelm\u00e4\u00e4n.<\/span><\/strong><\/p>\n<p>Uudenkaupungin Satamalle on my\u00f6nnetty seuraavat sertifikaatit:<\/p>\n<ul>\n<li>Laadun ISO 9001<\/li>\n<li>Ymp\u00e4rist\u00f6n ISO 14001<\/li>\n<li>Ty\u00f6terveyden ja ty\u00f6turvallisuuden ISO 45001<\/li>\n<\/ul>\n<p>N\u00e4iden sertifikaattien <span class=\"v1normaltextrun\">pohjalta toimintaa jatkuvasti seurataan ja kehitet\u00e4\u00e4n.<\/span><\/p>\n<p><img loading=\"lazy\" decoding=\"async\" class=\"alignnone wp-image-1214\" src=\"http:\/\/ukiport.fi\/wp-content\/uploads\/2023\/03\/DNV_FI_ISO_9001_ISO_14001_ISO_45001_col.png\" alt=\"\" width=\"300\" height=\"360\" srcset=\"https:\/\/ukiport.fi\/wp-content\/uploads\/2023\/03\/DNV_FI_ISO_9001_ISO_14001_ISO_45001_col.png 591w, https:\/\/ukiport.fi\/wp-content\/uploads\/2023\/03\/DNV_FI_ISO_9001_ISO_14001_ISO_45001_col-250x300.png 250w, https:\/\/ukiport.fi\/wp-content\/uploads\/2023\/03\/DNV_FI_ISO_9001_ISO_14001_ISO_45001_col-122x146.png 122w, https:\/\/ukiport.fi\/wp-content\/uploads\/2023\/03\/DNV_FI_ISO_9001_ISO_14001_ISO_45001_col-42x50.png 42w, https:\/\/ukiport.fi\/wp-content\/uploads\/2023\/03\/DNV_FI_ISO_9001_ISO_14001_ISO_45001_col-63x75.png 63w\" sizes=\"auto, (max-width: 300px) 100vw, 300px\" \/><\/p>\n","protected":false},"excerpt":{"rendered":"<p>Sertifikaatit Sataman toiminta pohjautuu sertifioituun johtamisj\u00e4rjestelm\u00e4\u00e4n. Uudenkaupungin Satamalle on my\u00f6nnetty seuraavat sertifikaatit: Laadun ISO<span class=\"excerpt-hellip\"> [\u2026]<\/span><\/p>\n","protected":false},"author":11,"featured_media":0,"parent":304,"menu_order":7,"comment_status":"closed","ping_status":"closed","template":"","meta":{"footnotes":""},"class_list":["post-1036","page","type-page","status-publish","hentry"],"yoast_head":"<!-- This site is optimized with the Yoast SEO plugin v27.1.1 - https:\/\/yoast.com\/product\/yoast-seo-wordpress\/ -->\n<title>Sertifikaatit - Uudenkaupungin Satama Oy<\/title>\n<meta name=\"description\" content=\"Sataman toiminta pohjautuu sertifioituun johtamisj\u00e4rjestelm\u00e4\u00e4n. Uudenkaupungin Satamalle on my\u00f6nnetty kolme erilaista sertifikaattia.\" \/>\n<meta name=\"robots\" content=\"index, follow, max-snippet:-1, max-image-preview:large, max-video-preview:-1\" \/>\n<link rel=\"canonical\" href=\"https:\/\/ukiport.fi\/fi\/luvat-ja-ohjeet\/sertifikaatit\/\" \/>\n<meta property=\"og:locale\" content=\"fi_FI\" \/>\n<meta property=\"og:type\" content=\"article\" \/>\n<meta property=\"og:title\" content=\"Sertifikaatit - Uudenkaupungin Satama Oy\" \/>\n<meta property=\"og:description\" content=\"Sataman toiminta pohjautuu sertifioituun johtamisj\u00e4rjestelm\u00e4\u00e4n. Uudenkaupungin Satamalle on my\u00f6nnetty kolme erilaista sertifikaattia.\" \/>\n<meta property=\"og:url\" content=\"https:\/\/ukiport.fi\/fi\/luvat-ja-ohjeet\/sertifikaatit\/\" \/>\n<meta property=\"og:site_name\" content=\"Uudenkaupungin Satama Oy\" \/>\n<meta property=\"article:modified_time\" content=\"2025-02-15T20:37:29+00:00\" \/>\n<meta property=\"og:image\" content=\"https:\/\/ukiport.fi\/wp-content\/uploads\/2023\/03\/DNV_FI_ISO_9001_ISO_14001_ISO_45001_col.png\" \/>\n\t<meta property=\"og:image:width\" content=\"591\" \/>\n\t<meta property=\"og:image:height\" content=\"709\" \/>\n\t<meta property=\"og:image:type\" content=\"image\/png\" \/>\n<meta name=\"twitter:card\" content=\"summary_large_image\" \/>\n<meta name=\"twitter:label1\" content=\"Arvioitu lukuaika\" \/>\n\t<meta name=\"twitter:data1\" content=\"1 minuutti\" \/>\n<script type=\"application\/ld+json\" class=\"yoast-schema-graph\">{\"@context\":\"https:\/\/schema.org\",\"@graph\":[{\"@type\":\"WebPage\",\"@id\":\"https:\/\/ukiport.fi\/fi\/luvat-ja-ohjeet\/sertifikaatit\/\",\"url\":\"https:\/\/ukiport.fi\/fi\/luvat-ja-ohjeet\/sertifikaatit\/\",\"name\":\"Sertifikaatit - Uudenkaupungin Satama Oy\",\"isPartOf\":{\"@id\":\"https:\/\/ukiport.fi\/#website\"},\"primaryImageOfPage\":{\"@id\":\"https:\/\/ukiport.fi\/fi\/luvat-ja-ohjeet\/sertifikaatit\/#primaryimage\"},\"image\":{\"@id\":\"https:\/\/ukiport.fi\/fi\/luvat-ja-ohjeet\/sertifikaatit\/#primaryimage\"},\"thumbnailUrl\":\"http:\/\/ukiport.fi\/wp-content\/uploads\/2023\/03\/DNV_FI_ISO_9001_ISO_14001_ISO_45001_col.png\",\"datePublished\":\"2022-06-13T12:58:23+00:00\",\"dateModified\":\"2025-02-15T20:37:29+00:00\",\"description\":\"Sataman toiminta pohjautuu sertifioituun johtamisj\u00e4rjestelm\u00e4\u00e4n. Uudenkaupungin Satamalle on my\u00f6nnetty kolme erilaista sertifikaattia.\",\"breadcrumb\":{\"@id\":\"https:\/\/ukiport.fi\/fi\/luvat-ja-ohjeet\/sertifikaatit\/#breadcrumb\"},\"inLanguage\":\"fi\",\"potentialAction\":[{\"@type\":\"ReadAction\",\"target\":[\"https:\/\/ukiport.fi\/fi\/luvat-ja-ohjeet\/sertifikaatit\/\"]}]},{\"@type\":\"ImageObject\",\"inLanguage\":\"fi\",\"@id\":\"https:\/\/ukiport.fi\/fi\/luvat-ja-ohjeet\/sertifikaatit\/#primaryimage\",\"url\":\"http:\/\/ukiport.fi\/wp-content\/uploads\/2023\/03\/DNV_FI_ISO_9001_ISO_14001_ISO_45001_col.png\",\"contentUrl\":\"http:\/\/ukiport.fi\/wp-content\/uploads\/2023\/03\/DNV_FI_ISO_9001_ISO_14001_ISO_45001_col.png\"},{\"@type\":\"BreadcrumbList\",\"@id\":\"https:\/\/ukiport.fi\/fi\/luvat-ja-ohjeet\/sertifikaatit\/#breadcrumb\",\"itemListElement\":[{\"@type\":\"ListItem\",\"position\":1,\"name\":\"Etusivu\",\"item\":\"https:\/\/ukiport.fi\/fi\/\"},{\"@type\":\"ListItem\",\"position\":2,\"name\":\"Luvat &#038; ohjeet\",\"item\":\"https:\/\/ukiport.fi\/fi\/luvat-ja-ohjeet\/\"},{\"@type\":\"ListItem\",\"position\":3,\"name\":\"Sertifikaatit\"}]},{\"@type\":\"WebSite\",\"@id\":\"https:\/\/ukiport.fi\/#website\",\"url\":\"https:\/\/ukiport.fi\/\",\"name\":\"Uudenkaupungin Satama Oy\",\"description\":\"\",\"publisher\":{\"@id\":\"https:\/\/ukiport.fi\/#organization\"},\"potentialAction\":[{\"@type\":\"SearchAction\",\"target\":{\"@type\":\"EntryPoint\",\"urlTemplate\":\"https:\/\/ukiport.fi\/?s={search_term_string}\"},\"query-input\":{\"@type\":\"PropertyValueSpecification\",\"valueRequired\":true,\"valueName\":\"search_term_string\"}}],\"inLanguage\":\"fi\"},{\"@type\":\"Organization\",\"@id\":\"https:\/\/ukiport.fi\/#organization\",\"name\":\"Uudenkaupungin Satama Oy\",\"url\":\"https:\/\/ukiport.fi\/\",\"logo\":{\"@type\":\"ImageObject\",\"inLanguage\":\"fi\",\"@id\":\"https:\/\/ukiport.fi\/#\/schema\/logo\/image\/\",\"url\":\"https:\/\/ukiport.fi\/wp-content\/uploads\/2023\/03\/logo-fi.png\",\"contentUrl\":\"https:\/\/ukiport.fi\/wp-content\/uploads\/2023\/03\/logo-fi.png\",\"width\":420,\"height\":85,\"caption\":\"Uudenkaupungin Satama Oy\"},\"image\":{\"@id\":\"https:\/\/ukiport.fi\/#\/schema\/logo\/image\/\"}}]}<\/script>\n<!-- \/ Yoast SEO plugin. -->","yoast_head_json":{"title":"Sertifikaatit - Uudenkaupungin Satama Oy","description":"Sataman toiminta pohjautuu sertifioituun johtamisj\u00e4rjestelm\u00e4\u00e4n. Uudenkaupungin Satamalle on my\u00f6nnetty kolme erilaista sertifikaattia.","robots":{"index":"index","follow":"follow","max-snippet":"max-snippet:-1","max-image-preview":"max-image-preview:large","max-video-preview":"max-video-preview:-1"},"canonical":"https:\/\/ukiport.fi\/fi\/luvat-ja-ohjeet\/sertifikaatit\/","og_locale":"fi_FI","og_type":"article","og_title":"Sertifikaatit - Uudenkaupungin Satama Oy","og_description":"Sataman toiminta pohjautuu sertifioituun johtamisj\u00e4rjestelm\u00e4\u00e4n. Uudenkaupungin Satamalle on my\u00f6nnetty kolme erilaista sertifikaattia.","og_url":"https:\/\/ukiport.fi\/fi\/luvat-ja-ohjeet\/sertifikaatit\/","og_site_name":"Uudenkaupungin Satama Oy","article_modified_time":"2025-02-15T20:37:29+00:00","og_image":[{"width":591,"height":709,"url":"https:\/\/ukiport.fi\/wp-content\/uploads\/2023\/03\/DNV_FI_ISO_9001_ISO_14001_ISO_45001_col.png","type":"image\/png"}],"twitter_card":"summary_large_image","twitter_misc":{"Arvioitu lukuaika":"1 minuutti"},"schema":{"@context":"https:\/\/schema.org","@graph":[{"@type":"WebPage","@id":"https:\/\/ukiport.fi\/fi\/luvat-ja-ohjeet\/sertifikaatit\/","url":"https:\/\/ukiport.fi\/fi\/luvat-ja-ohjeet\/sertifikaatit\/","name":"Sertifikaatit - Uudenkaupungin Satama Oy","isPartOf":{"@id":"https:\/\/ukiport.fi\/#website"},"primaryImageOfPage":{"@id":"https:\/\/ukiport.fi\/fi\/luvat-ja-ohjeet\/sertifikaatit\/#primaryimage"},"image":{"@id":"https:\/\/ukiport.fi\/fi\/luvat-ja-ohjeet\/sertifikaatit\/#primaryimage"},"thumbnailUrl":"http:\/\/ukiport.fi\/wp-content\/uploads\/2023\/03\/DNV_FI_ISO_9001_ISO_14001_ISO_45001_col.png","datePublished":"2022-06-13T12:58:23+00:00","dateModified":"2025-02-15T20:37:29+00:00","description":"Sataman toiminta pohjautuu sertifioituun johtamisj\u00e4rjestelm\u00e4\u00e4n. Uudenkaupungin Satamalle on my\u00f6nnetty kolme erilaista sertifikaattia.","breadcrumb":{"@id":"https:\/\/ukiport.fi\/fi\/luvat-ja-ohjeet\/sertifikaatit\/#breadcrumb"},"inLanguage":"fi","potentialAction":[{"@type":"ReadAction","target":["https:\/\/ukiport.fi\/fi\/luvat-ja-ohjeet\/sertifikaatit\/"]}]},{"@type":"ImageObject","inLanguage":"fi","@id":"https:\/\/ukiport.fi\/fi\/luvat-ja-ohjeet\/sertifikaatit\/#primaryimage","url":"http:\/\/ukiport.fi\/wp-content\/uploads\/2023\/03\/DNV_FI_ISO_9001_ISO_14001_ISO_45001_col.png","contentUrl":"http:\/\/ukiport.fi\/wp-content\/uploads\/2023\/03\/DNV_FI_ISO_9001_ISO_14001_ISO_45001_col.png"},{"@type":"BreadcrumbList","@id":"https:\/\/ukiport.fi\/fi\/luvat-ja-ohjeet\/sertifikaatit\/#breadcrumb","itemListElement":[{"@type":"ListItem","position":1,"name":"Etusivu","item":"https:\/\/ukiport.fi\/fi\/"},{"@type":"ListItem","position":2,"name":"Luvat &#038; ohjeet","item":"https:\/\/ukiport.fi\/fi\/luvat-ja-ohjeet\/"},{"@type":"ListItem","position":3,"name":"Sertifikaatit"}]},{"@type":"WebSite","@id":"https:\/\/ukiport.fi\/#website","url":"https:\/\/ukiport.fi\/","name":"Uudenkaupungin Satama Oy","description":"","publisher":{"@id":"https:\/\/ukiport.fi\/#organization"},"potentialAction":[{"@type":"SearchAction","target":{"@type":"EntryPoint","urlTemplate":"https:\/\/ukiport.fi\/?s={search_term_string}"},"query-input":{"@type":"PropertyValueSpecification","valueRequired":true,"valueName":"search_term_string"}}],"inLanguage":"fi"},{"@type":"Organization","@id":"https:\/\/ukiport.fi\/#organization","name":"Uudenkaupungin Satama Oy","url":"https:\/\/ukiport.fi\/","logo":{"@type":"ImageObject","inLanguage":"fi","@id":"https:\/\/ukiport.fi\/#\/schema\/logo\/image\/","url":"https:\/\/ukiport.fi\/wp-content\/uploads\/2023\/03\/logo-fi.png","contentUrl":"https:\/\/ukiport.fi\/wp-content\/uploads\/2023\/03\/logo-fi.png","width":420,"height":85,"caption":"Uudenkaupungin Satama Oy"},"image":{"@id":"https:\/\/ukiport.fi\/#\/schema\/logo\/image\/"}}]}},"_links":{"self":[{"href":"https:\/\/ukiport.fi\/fi\/wp-json\/wp\/v2\/pages\/1036","targetHints":{"allow":["GET"]}}],"collection":[{"href":"https:\/\/ukiport.fi\/fi\/wp-json\/wp\/v2\/pages"}],"about":[{"href":"https:\/\/ukiport.fi\/fi\/wp-json\/wp\/v2\/types\/page"}],"author":[{"embeddable":true,"href":"https:\/\/ukiport.fi\/fi\/wp-json\/wp\/v2\/users\/11"}],"replies":[{"embeddable":true,"href":"https:\/\/ukiport.fi\/fi\/wp-json\/wp\/v2\/comments?post=1036"}],"version-history":[{"count":7,"href":"https:\/\/ukiport.fi\/fi\/wp-json\/wp\/v2\/pages\/1036\/revisions"}],"predecessor-version":[{"id":1216,"href":"https:\/\/ukiport.fi\/fi\/wp-json\/wp\/v2\/pages\/1036\/revisions\/1216"}],"up":[{"embeddable":true,"href":"https:\/\/ukiport.fi\/fi\/wp-json\/wp\/v2\/pages\/304"}],"wp:attachment":[{"href":"https:\/\/ukiport.fi\/fi\/wp-json\/wp\/v2\/media?parent=1036"}],"curies":[{"name":"wp","href":"https:\/\/api.w.org\/{rel}","templated":true}]}}